{"id":6,"date":"2020-10-01T14:21:47","date_gmt":"2020-10-01T14:21:47","guid":{"rendered":"https:\/\/brewbrain.nl\/?page_id=6"},"modified":"2026-02-26T08:41:25","modified_gmt":"2026-02-26T08:41:25","slug":"float","status":"publish","type":"page","link":"https:\/\/brewbrain.nl\/de\/support\/float\/","title":{"rendered":"Schwebende Unterst\u00fctzung"},"content":{"rendered":"<div class=\"wpb-content-wrapper\"><section class=\"vc_section top-section\"><div class=\"vc_row wpb_row vc_row-fluid\"><div class=\"wpb_column vc_column_container vc_col-sm-12\"><div class=\"vc_column-inner\"><div class=\"wpb_wrapper\">\n\t<div class=\"wpb_text_column wpb_content_element wpb_animate_when_almost_visible wpb_slideInUp slideInUp\" >\n\t\t<div class=\"wpb_wrapper\">\n\t\t\t<h4>Support<\/h4>\n\n\t\t<\/div>\n\t<\/div>\n\n\t<div class=\"wpb_text_column wpb_content_element wpb_animate_when_almost_visible wpb_slideInUp slideInUp\" >\n\t\t<div class=\"wpb_wrapper\">\n\t\t\t<h1 class=\"p1\">Was auch immer deine <strong><span class=\"s1\">Frage<\/span><\/strong> wir haben, wir haben die <strong><span class=\"s1\">antwort<\/span><\/strong>.<\/h1>\n\n\t\t<\/div>\n\t<\/div>\n<\/div><\/div><\/div><\/div><div class=\"vc_row wpb_row vc_row-fluid\"><div class=\"wpb_column vc_column_container vc_col-sm-12\"><div class=\"vc_column-inner\"><div class=\"wpb_wrapper\">\n\t<div class=\"wpb_text_column wpb_content_element wpb_animate_when_almost_visible wpb_slideInUp slideInUp\" >\n\t\t<div class=\"wpb_wrapper\">\n\t\t\t<p>Unten k\u00f6nnen Sie Benutzerhandb\u00fccher und Spezifikationen herunterladen.<br \/>\nWeitere Fragen und Antworten zu Float finden Sie auf <a href=\"https:\/\/my.brewbrain.nl\/FAQ\">https:\/\/my.brewbrain.nl\/FAQ<\/a>.<\/p>\n\n\t\t<\/div>\n\t<\/div>\n<\/div><\/div><\/div><\/div><div class=\"vc_row wpb_row vc_row-fluid wpb_animate_when_almost_visible wpb_slideInUp slideInUp vc_custom_1602746373670\"><div class=\"wpb_column vc_column_container vc_col-sm-12\"><div class=\"vc_column-inner\"><div class=\"wpb_wrapper\">\n\t<div class=\"wpb_text_column wpb_content_element\" >\n\t\t<div class=\"wpb_wrapper\">\n\t\t\t<h4>Float handb\u00fccher<\/h4>\n\n\t\t<\/div>\n\t<\/div>\n<div class=\"vc_tta-container\" data-vc-action=\"collapse\"><div class=\"vc_general vc_tta vc_tta-tabs vc_tta-color-grey vc_tta-style-classic vc_tta-shape-rounded vc_tta-spacing-1 vc_tta-tabs-position-top vc_tta-controls-align-left\"><div class=\"vc_tta-tabs-container\"><ul class=\"vc_tta-tabs-list\" role=\"tablist\"><li class=\"vc_tta-tab vc_active\" data-vc-tab role=\"presentation\"><a href=\"#1616685972269-f5827e55-d192\" data-vc-tabs data-vc-container=\".vc_tta\" role=\"tab\" aria-selected=\"false\" id=\"tab-1616685972269-f5827e55-d192\"><span class=\"vc_tta-title-text\">Firmware \u2265 20210315<\/span><\/a><\/li><li class=\"vc_tta-tab\" data-vc-tab role=\"presentation\"><a href=\"#1616687647754-c8882e6e-040f\" data-vc-tabs data-vc-container=\".vc_tta\" role=\"tab\" aria-selected=\"false\" id=\"tab-1616687647754-c8882e6e-040f\"><span class=\"vc_tta-title-text\">\u00c4ltere Firmware<\/span><\/a><\/li><\/ul><\/div><div class=\"vc_tta-panels-container\"><div class=\"vc_tta-panels\"><div class=\"vc_tta-panel vc_active\" id=\"1616685972269-f5827e55-d192\" data-vc-content=\".vc_tta-panel-body\"><div class=\"vc_tta-panel-heading\"><h4 class=\"vc_tta-panel-title\"><a href=\"#1616685972269-f5827e55-d192\" data-vc-accordion data-vc-container=\".vc_tta-container\"><span class=\"vc_tta-title-text\">Firmware \u2265 20210315<\/span><\/a><\/h4><\/div><div class=\"vc_tta-panel-body\"><div class=\"vc_row wpb_row vc_inner vc_row-fluid vc_custom_1616687642523\"><div class=\"wpb_column vc_column_container vc_col-sm-6\"><div class=\"vc_column-inner vc_custom_1616687553962\"><div class=\"wpb_wrapper\">\n\t<div class=\"wpb_text_column wpb_content_element vc_custom_1713337511164\" >\n\t\t<div class=\"wpb_wrapper\">\n\t\t\t<p>W\u00e4hle deine Sprache:<\/p>\n<p><a href=\"https:\/\/static.brewbrain.nl\/float\/V2.20220926.1\/FLOATMANUAL%20BG.pdf\" target=\"_blank\" rel=\"noopener\">Bulgarisch<\/a><\/p>\n<p><a href=\"https:\/\/static.brewbrain.nl\/float\/V2.20210325.1\/FLOATMANUAL%20CN.pdf\" target=\"_blank\" rel=\"noopener\">Chinesisch<\/a><\/p>\n<p><a href=\"https:\/\/static.brewbrain.nl\/float\/V2.20220926.1\/FLOATMANUAL%20DK.pdf\" target=\"_blank\" rel=\"noopener\">D\u00e4nisch<\/a><\/p>\n<p><a href=\"https:\/\/static.brewbrain.nl\/float\/V2.20220926.1\/FLOATMANUAL%20NL.pdf\" target=\"_blank\" rel=\"noopener\">Niederl\u00e4ndisch<\/a><\/p>\n<p><a href=\"https:\/\/static.brewbrain.nl\/float\/V2.20220926.1\/FLOATMANUAL%20EN.pdf\" target=\"_blank\" rel=\"noopener\">Englisch<\/a><\/p>\n<p><a href=\"https:\/\/static.brewbrain.nl\/float\/V2.20220926.1\/FLOATMANUAL%20FR.pdf\" target=\"_blank\" rel=\"noopener\">Franz\u00f6sisch<\/a><\/p>\n<p><a href=\"https:\/\/static.brewbrain.nl\/float\/V2.20220926.1\/FLOATMANUAL%20DE.pdf\" target=\"_blank\" rel=\"noopener\">Deutsch<\/a><\/p>\n<p><a href=\"https:\/\/static.brewbrain.nl\/float\/V2.20220926.1\/FLOATMANUAL%20GR.pdf\" target=\"_blank\" rel=\"noopener\">Griechisch<\/a><\/p>\n<p><a href=\"https:\/\/static.brewbrain.nl\/float\/V2.20220926.1\/FLOATMANUAL%20IT.pdf\" target=\"_blank\" rel=\"noopener\">Italienisch<\/a><\/p>\n<p><a href=\"https:\/\/static.brewbrain.nl\/float\/V2.20220926.1\/FLOATMANUAL%20ES.pdf\" target=\"_blank\" rel=\"noopener\">Spanisch<\/a><\/p>\n\n\t\t<\/div>\n\t<\/div>\n\n\t<div class=\"wpb_text_column wpb_content_element vc_custom_1624263163921\" >\n\t\t<div class=\"wpb_wrapper\">\n\t\t\t<p>Handbuch zur Neukalibrierung des Schwimmers:<br \/>\n<a href=\"https:\/\/static.brewbrain.nl\/float\/FLOAT_CALIBRATION_MANUAL_EN.pdf\">Englisch<\/a><br \/>\n<a href=\"https:\/\/static.brewbrain.nl\/float\/FLOAT_CALIBRATION_MANUAL_CN.pdf\">Chinesisch<\/a><\/p>\n\n\t\t<\/div>\n\t<\/div>\n<\/div><\/div><\/div><div class=\"wpb_column vc_column_container vc_col-sm-6\"><div class=\"vc_column-inner vc_custom_1616687456104\"><div class=\"wpb_wrapper\">\n\t<div class=\"wpb_text_column wpb_content_element\" >\n\t\t<div class=\"wpb_wrapper\">\n\t\t\t<p>Firmware interface:<\/p>\n\n\t\t<\/div>\n\t<\/div>\n\n\t<div  class=\"wpb_single_image wpb_content_element vc_align_left wpb_content_element\">\n\t\t\n\t\t<figure class=\"wpb_wrapper vc_figure\">\n\t\t\t<div class=\"vc_single_image-wrapper   vc_box_border_grey\"><img loading=\"lazy\" decoding=\"async\" width=\"213\" height=\"300\" src=\"https:\/\/brewbrain.nl\/wp-content\/uploads\/2021\/03\/main_menu-213x300.png\" class=\"vc_single_image-img attachment-small\" alt=\"\" title=\"Hauptmen\u00fc\" srcset=\"https:\/\/brewbrain.nl\/wp-content\/uploads\/2021\/03\/main_menu-213x300.png 213w, https:\/\/brewbrain.nl\/wp-content\/uploads\/2021\/03\/main_menu-600x847.png 600w, https:\/\/brewbrain.nl\/wp-content\/uploads\/2021\/03\/main_menu-425x600.png 425w, https:\/\/brewbrain.nl\/wp-content\/uploads\/2021\/03\/main_menu-57x80.png 57w, https:\/\/brewbrain.nl\/wp-content\/uploads\/2021\/03\/main_menu-43x60.png 43w, https:\/\/brewbrain.nl\/wp-content\/uploads\/2021\/03\/main_menu.png 720w\" sizes=\"auto, (max-width: 213px) 100vw, 213px\" \/><\/div>\n\t\t<\/figure>\n\t<\/div>\n<\/div><\/div><\/div><\/div><\/div><\/div><div class=\"vc_tta-panel\" id=\"1616687647754-c8882e6e-040f\" data-vc-content=\".vc_tta-panel-body\"><div class=\"vc_tta-panel-heading\"><h4 class=\"vc_tta-panel-title\"><a href=\"#1616687647754-c8882e6e-040f\" data-vc-accordion data-vc-container=\".vc_tta-container\"><span class=\"vc_tta-title-text\">\u00c4ltere Firmware<\/span><\/a><\/h4><\/div><div class=\"vc_tta-panel-body\"><div class=\"vc_row wpb_row vc_inner vc_row-fluid vc_custom_1616687642523\"><div class=\"wpb_column vc_column_container vc_col-sm-6\"><div class=\"vc_column-inner vc_custom_1616687553962\"><div class=\"wpb_wrapper\">\n\t<div class=\"wpb_text_column wpb_content_element vc_custom_1713337537605\" >\n\t\t<div class=\"wpb_wrapper\">\n\t\t\t<p>W\u00e4hle deine Sprache:<\/p>\n<p><a href=\"https:\/\/static.brewbrain.nl\/float\/V2.20210316.1\/FLOATMANUAL%20NL.pdf\" target=\"_blank\" rel=\"noopener\">Niederl\u00e4ndisch<\/a><\/p>\n<p><a href=\"https:\/\/static.brewbrain.nl\/float\/V2.20210316.1\/FLOATMANUAL%20EN.pdf\" target=\"_blank\" rel=\"noopener\">Englisch<\/a><\/p>\n<p><a href=\"https:\/\/static.brewbrain.nl\/float\/V2.20210316.1\/FLOATMANUAL%20DE.pdf\" target=\"_blank\" rel=\"noopener\">Deutsch<\/a><\/p>\n<p><a href=\"https:\/\/static.brewbrain.nl\/float\/V2.20210316.1\/FLOATMANUAL%20FR.pdf\" target=\"_blank\" rel=\"noopener\">Franz\u00f6sisch<\/a><\/p>\n<p><a href=\"https:\/\/static.brewbrain.nl\/float\/V2.20210316.1\/FLOATMANUAL%20ES.pdf\" target=\"_blank\" rel=\"noopener\">Spanisch<\/a><\/p>\n\n\t\t<\/div>\n\t<\/div>\n<\/div><\/div><\/div><div class=\"wpb_column vc_column_container vc_col-sm-6\"><div class=\"vc_column-inner vc_custom_1616687456104\"><div class=\"wpb_wrapper\">\n\t<div class=\"wpb_text_column wpb_content_element\" >\n\t\t<div class=\"wpb_wrapper\">\n\t\t\t<p>Firmware interface:<\/p>\n\n\t\t<\/div>\n\t<\/div>\n\n\t<div  class=\"wpb_single_image wpb_content_element vc_align_left wpb_content_element\">\n\t\t\n\t\t<figure class=\"wpb_wrapper vc_figure\">\n\t\t\t<div class=\"vc_single_image-wrapper   vc_box_border_grey\"><img loading=\"lazy\" decoding=\"async\" width=\"213\" height=\"300\" src=\"https:\/\/brewbrain.nl\/wp-content\/uploads\/2021\/03\/1-proceed-to-setup-213x300.png\" class=\"vc_single_image-img attachment-small\" alt=\"\" title=\"1. Mit der Einrichtung fortfahren\" srcset=\"https:\/\/brewbrain.nl\/wp-content\/uploads\/2021\/03\/1-proceed-to-setup-213x300.png 213w, https:\/\/brewbrain.nl\/wp-content\/uploads\/2021\/03\/1-proceed-to-setup-600x847.png 600w, https:\/\/brewbrain.nl\/wp-content\/uploads\/2021\/03\/1-proceed-to-setup-425x600.png 425w, https:\/\/brewbrain.nl\/wp-content\/uploads\/2021\/03\/1-proceed-to-setup-57x80.png 57w, https:\/\/brewbrain.nl\/wp-content\/uploads\/2021\/03\/1-proceed-to-setup-43x60.png 43w, https:\/\/brewbrain.nl\/wp-content\/uploads\/2021\/03\/1-proceed-to-setup.png 720w\" sizes=\"auto, (max-width: 213px) 100vw, 213px\" \/><\/div>\n\t\t<\/figure>\n\t<\/div>\n<\/div><\/div><\/div><\/div><\/div><\/div><\/div><\/div><\/div><\/div><\/div><\/div><\/div><\/div><div class=\"vc_row wpb_row vc_row-fluid wpb_animate_when_almost_visible wpb_slideInUp slideInUp vc_custom_1602746373670\"><div class=\"wpb_column vc_column_container vc_col-sm-12\"><div class=\"vc_column-inner\"><div class=\"wpb_wrapper\"><div  class=\"vc_do_toggle vc_toggle vc_toggle_default vc_toggle_color_default  vc_toggle_size_md\"><div class=\"vc_toggle_title\"><h4>Float-Spezifikationen<\/h4><i class=\"vc_toggle_icon\"><\/i><\/div><div class=\"vc_toggle_content\"><p>W\u00e4hle deine Sprache:<\/p>\n<p><a href=\"http:\/\/static.brewbrain.nl\/float\/Specifications%20Float%20EN.pdf\" target=\"_blank\" rel=\"noopener\">Englisch<\/a><\/p>\n<\/div><\/div><\/div><\/div><\/div><\/div><div class=\"vc_row wpb_row vc_row-fluid\"><div class=\"wpb_column vc_column_container vc_col-sm-12\"><div class=\"vc_column-inner\"><div class=\"wpb_wrapper\">\n\t<div class=\"wpb_text_column wpb_content_element wpb_animate_when_almost_visible wpb_slideInUp slideInUp\" >\n\t\t<div class=\"wpb_wrapper\">\n\t\t\t<h4>Allgemeine FAQ<\/h4>\n\n\t\t<\/div>\n\t<\/div>\n<\/div><\/div><\/div><\/div><div class=\"vc_row wpb_row vc_row-fluid wpb_animate_when_almost_visible wpb_slideInUp slideInUp vc_custom_1602746373670\"><div class=\"wpb_column vc_column_container vc_col-sm-12\"><div class=\"vc_column-inner\"><div class=\"wpb_wrapper\"><div  class=\"vc_do_toggle vc_toggle vc_toggle_default vc_toggle_color_default  vc_toggle_size_md\"><div class=\"vc_toggle_title\"><h4>Float Fragen<\/h4><i class=\"vc_toggle_icon\"><\/i><\/div><div class=\"vc_toggle_content\"><p>F\u00fcr Fragen zu Float gehen Sie bitte zu <a href=\"https:\/\/my.brewbrain.nl\/FAQ\">my.brewbrain.nl\/FAQ<\/a><\/p>\n<\/div><\/div><\/div><\/div><\/div><\/div><\/section><section class=\"vc_section vc_custom_1602532271607\"><div class=\"vc_row wpb_row vc_row-fluid\"><div class=\"wpb_column vc_column_container vc_col-sm-12\"><div class=\"vc_column-inner vc_custom_1602532945531\"><div class=\"wpb_wrapper\">\n\t<div class=\"wpb_text_column wpb_content_element wpb_animate_when_almost_visible wpb_slideInUp slideInUp\" >\n\t\t<div class=\"wpb_wrapper\">\n\t\t\t<h3 style=\"text-align: center;\">Weitere Fragen?<\/h3>\n\n\t\t<\/div>\n\t<\/div>\n<div class=\"vc_separator wpb_content_element vc_separator_align_center vc_sep_width_20 vc_sep_border_width_2 vc_sep_pos_align_center vc_separator_no_text vc_sep_color_grey wpb_content_element  wpb_content_element wpb_animate_when_almost_visible wpb_slideInUp slideInUp wpb_animate_when_almost_visible wpb_slideInUp slideInUp\" ><span class=\"vc_sep_holder vc_sep_holder_l\"><span class=\"vc_sep_line\"><\/span><\/span><span class=\"vc_sep_holder vc_sep_holder_r\"><span class=\"vc_sep_line\"><\/span><\/span>\n<\/div>\n\t<div class=\"wpb_text_column wpb_content_element wpb_animate_when_almost_visible wpb_slideInUp slideInUp\" >\n\t\t<div class=\"wpb_wrapper\">\n\t\t\t<p class=\"p1\" style=\"text-align: center;\">Sind Sie Einzelh\u00e4ndler und m\u00f6chten eines unserer Produkte in Ihrem Gesch\u00e4ft anbieten? Nehmen Sie Kontakt mit uns auf.<br \/>\nmit uns die M\u00f6glichkeiten zu besprechen.<\/p>\n<p style=\"text-align: center;\">Wir bieten Unterst\u00fctzung auf Englisch, Niederl\u00e4ndisch und Deutsch. Geben Sie uns bitte Ihren Benutzernamen und\/oder die Seriennummer Ihres Produkts an, um die Bearbeitung zu beschleunigen.<\/p>\n\n\t\t<\/div>\n\t<\/div>\n\n\t<div class=\"wpb_text_column wpb_content_element wpb_animate_when_almost_visible wpb_slideInUp slideInUp vc_custom_1646215769473 large-text\" >\n\t\t<div class=\"wpb_wrapper\">\n\t\t\t<p class=\"p1\" style=\"text-align: center;\"><a href=\"tel:+31850470852\"><span class=\"s1\">Rufen Sie uns an<\/span><\/a> oder <a href=\"mailto:support@brewbrain.nl\">schick uns ein <span class=\"s1\">E-Mail<\/span><\/a>.<\/p>\n\n\t\t<\/div>\n\t<\/div>\n<\/div><\/div><\/div><\/div><\/section>\n<\/div>","protected":false},"excerpt":{"rendered":"Support Whatever your question is, we\u2019ve got the answer. Below you can download user manuals and specifications. More Float related FAQ are presented on https:\/\/my.brewbrain.nl\/FAQ. Float manuals Firmware \u2265 20210315Older firmwareFirmware \u2265 20210315 Choose your language: Bulgarian Chinese Danish Dutch...","protected":false},"author":4,"featured_media":0,"parent":1783,"menu_order":12,"comment_status":"closed","ping_status":"closed","template":"","meta":{"_acf_changed":false,"footnotes":""},"class_list":["post-6","page","type-page","status-publish","hentry"],"acf":[],"yoast_head":"<!-- This site is optimized with the Yoast SEO plugin v27.4 - https:\/\/yoast.com\/product\/yoast-seo-wordpress\/ -->\n<title>Float Support - Brewbrain<\/title>\n<meta name=\"description\" content=\"Whatever your question is, we\u2019ve got the answer.\" \/>\n<meta name=\"robots\" content=\"index, follow, max-snippet:-1, max-image-preview:large, max-video-preview:-1\" \/>\n<link rel=\"canonical\" href=\"https:\/\/brewbrain.nl\/de\/support\/float\/\" \/>\n<meta property=\"og:locale\" content=\"de_DE\" \/>\n<meta property=\"og:type\" content=\"article\" \/>\n<meta property=\"og:title\" content=\"Float Support - Brewbrain\" \/>\n<meta property=\"og:description\" content=\"Whatever your question is, we\u2019ve got the answer.\" \/>\n<meta property=\"og:url\" content=\"https:\/\/brewbrain.nl\/de\/support\/float\/\" \/>\n<meta property=\"og:site_name\" content=\"Brewbrain\" \/>\n<meta property=\"article:publisher\" content=\"https:\/\/www.facebook.com\/myBrewBrain\/\" \/>\n<meta property=\"article:modified_time\" content=\"2026-02-26T08:41:25+00:00\" \/>\n<meta name=\"twitter:card\" content=\"summary_large_image\" \/>\n<meta name=\"twitter:label1\" content=\"Gesch\u00e4tzte Lesezeit\" \/>\n\t<meta name=\"twitter:data1\" content=\"2\u00a0Minuten\" \/>\n<script type=\"application\/ld+json\" class=\"yoast-schema-graph\">{\"@context\":\"https:\\\/\\\/schema.org\",\"@graph\":[{\"@type\":\"WebPage\",\"@id\":\"https:\\\/\\\/brewbrain.nl\\\/support\\\/float\\\/\",\"url\":\"https:\\\/\\\/brewbrain.nl\\\/support\\\/float\\\/\",\"name\":\"Float Support - Brewbrain\",\"isPartOf\":{\"@id\":\"https:\\\/\\\/brewbrain.nl\\\/#website\"},\"datePublished\":\"2020-10-01T14:21:47+00:00\",\"dateModified\":\"2026-02-26T08:41:25+00:00\",\"description\":\"Whatever your question is, we\u2019ve got the answer.\",\"breadcrumb\":{\"@id\":\"https:\\\/\\\/brewbrain.nl\\\/support\\\/float\\\/#breadcrumb\"},\"inLanguage\":\"de\",\"potentialAction\":[{\"@type\":\"ReadAction\",\"target\":[\"https:\\\/\\\/brewbrain.nl\\\/support\\\/float\\\/\"]}]},{\"@type\":\"BreadcrumbList\",\"@id\":\"https:\\\/\\\/brewbrain.nl\\\/support\\\/float\\\/#breadcrumb\",\"itemListElement\":[{\"@type\":\"ListItem\",\"position\":1,\"name\":\"Home\",\"item\":\"https:\\\/\\\/brewbrain.nl\\\/\"},{\"@type\":\"ListItem\",\"position\":2,\"name\":\"Support\",\"item\":\"https:\\\/\\\/brewbrain.nl\\\/support\\\/\"},{\"@type\":\"ListItem\",\"position\":3,\"name\":\"Float Support\"}]},{\"@type\":\"WebSite\",\"@id\":\"https:\\\/\\\/brewbrain.nl\\\/#website\",\"url\":\"https:\\\/\\\/brewbrain.nl\\\/\",\"name\":\"Brewbrain\",\"description\":\"We put the brains in brewing\",\"publisher\":{\"@id\":\"https:\\\/\\\/brewbrain.nl\\\/#organization\"},\"potentialAction\":[{\"@type\":\"SearchAction\",\"target\":{\"@type\":\"EntryPoint\",\"urlTemplate\":\"https:\\\/\\\/brewbrain.nl\\\/?s={search_term_string}\"},\"query-input\":{\"@type\":\"PropertyValueSpecification\",\"valueRequired\":true,\"valueName\":\"search_term_string\"}}],\"inLanguage\":\"de\"},{\"@type\":\"Organization\",\"@id\":\"https:\\\/\\\/brewbrain.nl\\\/#organization\",\"name\":\"Brewbrain\",\"url\":\"https:\\\/\\\/brewbrain.nl\\\/\",\"logo\":{\"@type\":\"ImageObject\",\"inLanguage\":\"de\",\"@id\":\"https:\\\/\\\/brewbrain.nl\\\/#\\\/schema\\\/logo\\\/image\\\/\",\"url\":\"https:\\\/\\\/brewbrain.nl\\\/wp-content\\\/uploads\\\/2020\\\/10\\\/brewbrain-logo.svg\",\"contentUrl\":\"https:\\\/\\\/brewbrain.nl\\\/wp-content\\\/uploads\\\/2020\\\/10\\\/brewbrain-logo.svg\",\"width\":1164,\"height\":662,\"caption\":\"Brewbrain\"},\"image\":{\"@id\":\"https:\\\/\\\/brewbrain.nl\\\/#\\\/schema\\\/logo\\\/image\\\/\"},\"sameAs\":[\"https:\\\/\\\/www.facebook.com\\\/myBrewBrain\\\/\",\"https:\\\/\\\/www.instagram.com\\\/brewbrain\\\/?hl=en\",\"https:\\\/\\\/www.linkedin.com\\\/company\\\/brewbrain\\\/about\\\/\",\"https:\\\/\\\/www.youtube.com\\\/channel\\\/UC7qeCoo07lE2q9Pvw6gpb0A\\\/featured\"]}]}<\/script>\n<!-- \/ Yoast SEO plugin. -->","yoast_head_json":{"title":"Float-Unterst\u00fctzung - Brewbrain","description":"Welche Frage auch immer Sie haben, wir haben die Antwort.","robots":{"index":"index","follow":"follow","max-snippet":"max-snippet:-1","max-image-preview":"max-image-preview:large","max-video-preview":"max-video-preview:-1"},"canonical":"https:\/\/brewbrain.nl\/de\/support\/float\/","og_locale":"de_DE","og_type":"article","og_title":"Float Support - Brewbrain","og_description":"Whatever your question is, we\u2019ve got the answer.","og_url":"https:\/\/brewbrain.nl\/de\/support\/float\/","og_site_name":"Brewbrain","article_publisher":"https:\/\/www.facebook.com\/myBrewBrain\/","article_modified_time":"2026-02-26T08:41:25+00:00","twitter_card":"summary_large_image","twitter_misc":{"Gesch\u00e4tzte Lesezeit":"2\u00a0Minuten"},"schema":{"@context":"https:\/\/schema.org","@graph":[{"@type":"WebPage","@id":"https:\/\/brewbrain.nl\/support\/float\/","url":"https:\/\/brewbrain.nl\/support\/float\/","name":"Float-Unterst\u00fctzung - Brewbrain","isPartOf":{"@id":"https:\/\/brewbrain.nl\/#website"},"datePublished":"2020-10-01T14:21:47+00:00","dateModified":"2026-02-26T08:41:25+00:00","description":"Welche Frage auch immer Sie haben, wir haben die Antwort.","breadcrumb":{"@id":"https:\/\/brewbrain.nl\/support\/float\/#breadcrumb"},"inLanguage":"de","potentialAction":[{"@type":"ReadAction","target":["https:\/\/brewbrain.nl\/support\/float\/"]}]},{"@type":"BreadcrumbList","@id":"https:\/\/brewbrain.nl\/support\/float\/#breadcrumb","itemListElement":[{"@type":"ListItem","position":1,"name":"Home","item":"https:\/\/brewbrain.nl\/"},{"@type":"ListItem","position":2,"name":"Support","item":"https:\/\/brewbrain.nl\/support\/"},{"@type":"ListItem","position":3,"name":"Float Support"}]},{"@type":"WebSite","@id":"https:\/\/brewbrain.nl\/#website","url":"https:\/\/brewbrain.nl\/","name":"Brewbrain","description":"Wir stecken Hirn ins Brauen","publisher":{"@id":"https:\/\/brewbrain.nl\/#organization"},"potentialAction":[{"@type":"SearchAction","target":{"@type":"EntryPoint","urlTemplate":"https:\/\/brewbrain.nl\/?s={search_term_string}"},"query-input":{"@type":"PropertyValueSpecification","valueRequired":true,"valueName":"search_term_string"}}],"inLanguage":"de"},{"@type":"Organization","@id":"https:\/\/brewbrain.nl\/#organization","name":"Brewbrain","url":"https:\/\/brewbrain.nl\/","logo":{"@type":"ImageObject","inLanguage":"de","@id":"https:\/\/brewbrain.nl\/#\/schema\/logo\/image\/","url":"https:\/\/brewbrain.nl\/wp-content\/uploads\/2020\/10\/brewbrain-logo.svg","contentUrl":"https:\/\/brewbrain.nl\/wp-content\/uploads\/2020\/10\/brewbrain-logo.svg","width":1164,"height":662,"caption":"Brewbrain"},"image":{"@id":"https:\/\/brewbrain.nl\/#\/schema\/logo\/image\/"},"sameAs":["https:\/\/www.facebook.com\/myBrewBrain\/","https:\/\/www.instagram.com\/brewbrain\/?hl=en","https:\/\/www.linkedin.com\/company\/brewbrain\/about\/","https:\/\/www.youtube.com\/channel\/UC7qeCoo07lE2q9Pvw6gpb0A\/featured"]}]}},"_links":{"self":[{"href":"https:\/\/brewbrain.nl\/de\/wp-json\/wp\/v2\/pages\/6","targetHints":{"allow":["GET"]}}],"collection":[{"href":"https:\/\/brewbrain.nl\/de\/wp-json\/wp\/v2\/pages"}],"about":[{"href":"https:\/\/brewbrain.nl\/de\/wp-json\/wp\/v2\/types\/page"}],"author":[{"embeddable":true,"href":"https:\/\/brewbrain.nl\/de\/wp-json\/wp\/v2\/users\/4"}],"replies":[{"embeddable":true,"href":"https:\/\/brewbrain.nl\/de\/wp-json\/wp\/v2\/comments?post=6"}],"version-history":[{"count":71,"href":"https:\/\/brewbrain.nl\/de\/wp-json\/wp\/v2\/pages\/6\/revisions"}],"predecessor-version":[{"id":1635,"href":"https:\/\/brewbrain.nl\/de\/wp-json\/wp\/v2\/pages\/6\/revisions\/1635"}],"up":[{"embeddable":true,"href":"https:\/\/brewbrain.nl\/de\/wp-json\/wp\/v2\/pages\/1783"}],"wp:attachment":[{"href":"https:\/\/brewbrain.nl\/de\/wp-json\/wp\/v2\/media?parent=6"}],"curies":[{"name":"wp","href":"https:\/\/api.w.org\/{rel}","templated":true}]}}