{"id":46,"date":"2020-10-02T09:13:16","date_gmt":"2020-10-02T09:13:16","guid":{"rendered":"https:\/\/brewbrain.nl\/?page_id=46"},"modified":"2026-03-11T09:57:46","modified_gmt":"2026-03-11T09:57:46","slug":"about-us","status":"publish","type":"page","link":"https:\/\/brewbrain.nl\/de\/about-us\/","title":{"rendered":"\u00dcber uns"},"content":{"rendered":"<div class=\"wpb-content-wrapper\"><section class=\"vc_section top-section\"><div class=\"vc_row wpb_row vc_row-fluid\"><div class=\"wpb_column vc_column_container vc_col-sm-12\"><div class=\"vc_column-inner vc_custom_1602844117031\"><div class=\"wpb_wrapper\">\n\t<div class=\"wpb_text_column wpb_content_element wpb_animate_when_almost_visible wpb_slideInUp slideInUp\" >\n\t\t<div class=\"wpb_wrapper\">\n\t\t\t<h4>\u00dcber uns<\/h4>\n\n\t\t<\/div>\n\t<\/div>\n\n\t<div class=\"wpb_text_column wpb_content_element wpb_animate_when_almost_visible wpb_slideInUp slideInUp\" >\n\t\t<div class=\"wpb_wrapper\">\n\t\t\t<h1 class=\"p1 translation-block\"><strong>Brewbrain<\/strong> wird von Thijs und Eric gef\u00fchrt, beide mit einer Leidenschaft f\u00fcr Technik und Bier.<\/h1>\n\n\t\t<\/div>\n\t<\/div>\n\n\t<div class=\"wpb_text_column wpb_content_element wpb_animate_when_almost_visible wpb_slideInUp slideInUp large-text\" >\n\t\t<div class=\"wpb_wrapper\">\n\t\t\t<p>Brewbrain begann als Hobbyprojekt am K\u00fcchentisch mehrerer Kollegen und entwickelte sich im Laufe vieler sp\u00e4ten Abende und Wochenenden zu einem vollwertigen Unternehmen. 2019 brachten wir Float in die ersten Webshops. Wir lernen und wachsen jeden Tag und streben danach, bessere Produkte herzustellen.<\/p>\n\n\t\t<\/div>\n\t<\/div>\n<\/div><\/div><\/div><\/div><\/section><section class=\"vc_section vc_custom_1602798164538\"><div class=\"vc_row wpb_row vc_row-fluid vc_custom_1602844517300\"><div class=\"wpb_column vc_column_container vc_col-sm-12\"><div class=\"vc_column-inner vc_custom_1602798180374\"><div class=\"wpb_wrapper\">\n<div class=\"vc_grid-container-wrapper vc_clearfix vc_grid-animation-slideInUp\">\n\t<div class=\"vc_grid-container vc_clearfix wpb_content_element vc_basic_grid team-items\" data-initial-loading-animation=\"slideInUp\" data-vc-grid-settings=\"{&quot;page_id&quot;:46,&quot;style&quot;:&quot;all&quot;,&quot;action&quot;:&quot;vc_get_vc_grid_data&quot;,&quot;shortcode_id&quot;:&quot;1773223016113-fdc77d80-65ce-10&quot;,&quot;tag&quot;:&quot;vc_basic_grid&quot;}\" data-vc-request=\"https:\/\/brewbrain.nl\/wp-admin\/admin-ajax.php\" data-vc-post-id=\"46\" data-vc-public-nonce=\"3d139293de\">\n\t\t<div class=\"vc_grid vc_row vc_grid-gutter-30px vc_pageable-wrapper vc_hook_hover\" data-vc-pageable-content=\"true\"><div class=\"vc_pageable-slide-wrapper vc_clearfix\" data-vc-grid-content=\"true\"><div class=\"vc_grid-item vc_clearfix vc_col-sm-12\"><div class=\"vc_grid-item-mini vc_clearfix\"><div class=\"vc_gitem-animated-block\" ><div class=\"vc_gitem-zone vc_gitem-zone-a team-grid vc-gitem-zone-height-mode-auto vc-gitem-zone-height-mode-auto-1-1\"><div class=\"vc_gitem-zone-mini\"><div class=\"vc_gitem_row vc_row vc_gitem-row-position-top\"><div class=\"vc_col-sm-6 vc_gitem-col vc_gitem-col-align-\">\n\t<div class=\"wpb_single_image wpb_content_element vc_align_\">\n\t\t<figure class=\"wpb_wrapper vc_figure\">\n\t\t\t<div class=\"vc_single_image-wrapper   vc_box_border_grey\"><img decoding=\"async\" class=\"vc_single_image-img\" src=\"https:\/\/brewbrain.nl\/wp-content\/uploads\/2020\/10\/iotopus-thijs-nijveldt-600x500-1.jpg\" width=\"600\" height=\"500\" alt=\"iotopus-thijs-nijveldt-600x500\" title=\"iotopus-thijs-nijveldt-600x500\" loading=\"lazy\" \/><\/div>\n\t\t<\/figure>\n\t<\/div>\n<\/div><div class=\"vc_col-sm-6 vc_gitem-col vc_gitem-col-align-\"><div class=\"vc_custom_heading vc_gitem-post-data vc_gitem-post-data-source-post_title\" ><div style=\"text-align: left\" >Thijs Nijveldt<\/div><\/div><div field_5f84bc3ae1766 class=\"vc_gitem-acf team-position field_5f84bc3ae1766\">Gr\u00fcnder<\/div><div class=\"vc_separator wpb_content_element vc_separator_align_center vc_sep_width_60 vc_sep_border_width_2 vc_sep_pos_align_left vc_separator_no_text vc_sep_color_grey wpb_content_element  wpb_content_element\" ><span class=\"vc_sep_holder vc_sep_holder_l\"><span class=\"vc_sep_line\"><\/span><\/span><span class=\"vc_sep_holder vc_sep_holder_r\"><span class=\"vc_sep_line\"><\/span><\/span>\n<\/div><div class=\"post-content\"><p>Mechatronikingenieur mit einer Leidenschaft f\u00fcr Programmierung. Spricht nur SQL. Thijs arbeitet an Webentwicklung, Firmware-Programmierung und Skripterstellung. Hat umfangreiche Erfahrung in der Kalibrierung und Validierung von Sensoren.<\/p>\n<p>Liebt Sport und betreibt noch mehr Sportarten. Wenn er gerade keinen Sport macht, geht er Eisklettern.<\/p>\n<\/div><\/div><\/div><\/div><\/div><\/div><\/div><div class=\"vc_clearfix\"><\/div><\/div><div class=\"vc_grid-item vc_clearfix vc_col-sm-12\"><div class=\"vc_grid-item-mini vc_clearfix\"><div class=\"vc_gitem-animated-block\" ><div class=\"vc_gitem-zone vc_gitem-zone-a team-grid vc-gitem-zone-height-mode-auto vc-gitem-zone-height-mode-auto-1-1\"><div class=\"vc_gitem-zone-mini\"><div class=\"vc_gitem_row vc_row vc_gitem-row-position-top\"><div class=\"vc_col-sm-6 vc_gitem-col vc_gitem-col-align-\">\n\t<div class=\"wpb_single_image wpb_content_element vc_align_\">\n\t\t<figure class=\"wpb_wrapper vc_figure\">\n\t\t\t<div class=\"vc_single_image-wrapper   vc_box_border_grey\"><img decoding=\"async\" class=\"vc_single_image-img\" src=\"https:\/\/brewbrain.nl\/wp-content\/uploads\/2020\/10\/iotopus-eric-stricker-600x500-1.jpg\" width=\"600\" height=\"500\" alt=\"iotopus-eric-stricker-600x500\" title=\"iotopus-eric-stricker-600x500\" loading=\"lazy\" \/><\/div>\n\t\t<\/figure>\n\t<\/div>\n<\/div><div class=\"vc_col-sm-6 vc_gitem-col vc_gitem-col-align-\"><div class=\"vc_custom_heading vc_gitem-post-data vc_gitem-post-data-source-post_title\" ><div style=\"text-align: left\" >Eric Stricker<\/div><\/div><div field_5f84bc3ae1766 class=\"vc_gitem-acf team-position field_5f84bc3ae1766\">Gr\u00fcnder<\/div><div class=\"vc_separator wpb_content_element vc_separator_align_center vc_sep_width_60 vc_sep_border_width_2 vc_sep_pos_align_left vc_separator_no_text vc_sep_color_grey wpb_content_element  wpb_content_element\" ><span class=\"vc_sep_holder vc_sep_holder_l\"><span class=\"vc_sep_line\"><\/span><\/span><span class=\"vc_sep_holder vc_sep_holder_r\"><span class=\"vc_sep_line\"><\/span><\/span>\n<\/div><div class=\"post-content\"><p class=\"p1\">Eric ist ein integrierter Produktdesigner mit mehr als zehn Jahren Erfahrung in der Entwicklung von High-End-Sensoren. Neben seiner Ingenieurt\u00e4tigkeit k\u00fcmmert sich Eric um Finanzen, Kundensupportanrufe und ist f\u00fcr das gesamte Elektronikdesign sowie einen Gro\u00dfteil der Teilebeschaffung verantwortlich. In seiner Freizeit kocht er gerne, bastelt, h\u00f6rt Musik und sucht st\u00e4ndig nach neuen Hobbys.<\/p>\n<\/div><\/div><\/div><\/div><\/div><\/div><\/div><div class=\"vc_clearfix\"><\/div><\/div><\/div><\/div>\n\t<\/div>\n<\/div><\/div><\/div><\/div><\/div><\/section><section class=\"vc_section vc_custom_1601631209870\"><div class=\"vc_row wpb_row vc_row-fluid vc_custom_1601631905703 vc_row-has-fill\"><div class=\"wpb_column vc_column_container vc_col-sm-6 vc_col-has-fill\"><div class=\"vc_column-inner vc_custom_1759239931474\"><div class=\"wpb_wrapper\"><\/div><\/div><\/div><div class=\"wpb_column vc_column_container vc_col-sm-6\"><div class=\"vc_column-inner\"><div class=\"wpb_wrapper\">\n\t<div class=\"wpb_text_column wpb_content_element wpb_animate_when_almost_visible wpb_slideInRight slideInRight\" >\n\t\t<div class=\"wpb_wrapper\">\n\t\t\t<h5>Produkte<\/h5>\n\n\t\t<\/div>\n\t<\/div>\n\n\t<div class=\"wpb_text_column wpb_content_element wpb_animate_when_almost_visible wpb_slideInRight slideInRight\" >\n\t\t<div class=\"wpb_wrapper\">\n\t\t\t<h2 class=\"p1\"><span class=\"s1\">Gemeinsam schaffen wir <strong>Smarte Produkte<\/strong> die dein Brauleben einfacher machen.<\/span><\/h2>\n\n\t\t<\/div>\n\t<\/div>\n<div class=\"vc_btn3-container  wpb_animate_when_almost_visible wpb_slideInRight slideInRight vc_btn3-inline vc_do_btn\" ><a class=\"vc_general vc_btn3 vc_btn3-size-md vc_btn3-shape-rounded vc_btn3-style-modern vc_btn3-color-black\" href=\"https:\/\/brewbrain.nl\/de\/product\/float-pro\/\" title=\"Float Pro\">Schau dir Float Pro an<\/a><\/div><\/div><\/div><\/div><\/div><\/section>\n<\/div>","protected":false},"excerpt":{"rendered":"About us Brewbrain consists out of two guys with a love for tech and beer. Brewbrain started as a kitchen table hobby project by several colleagues and grew into a full-fledged company during many late evenings and weekends. In 2019...","protected":false},"author":3,"featured_media":0,"parent":0,"menu_order":9,"comment_status":"closed","ping_status":"closed","template":"","meta":{"_acf_changed":false,"footnotes":""},"class_list":["post-46","page","type-page","status-publish","hentry"],"acf":[],"yoast_head":"<!-- This site is optimized with the Yoast SEO plugin v27.4 - https:\/\/yoast.com\/product\/yoast-seo-wordpress\/ -->\n<title>About us - Brewbrain<\/title>\n<meta name=\"robots\" content=\"index, follow, max-snippet:-1, max-image-preview:large, max-video-preview:-1\" \/>\n<link rel=\"canonical\" href=\"https:\/\/brewbrain.nl\/de\/about-us\/\" \/>\n<meta property=\"og:locale\" content=\"de_DE\" \/>\n<meta property=\"og:type\" content=\"article\" \/>\n<meta property=\"og:title\" content=\"About us - Brewbrain\" \/>\n<meta property=\"og:url\" content=\"https:\/\/brewbrain.nl\/de\/about-us\/\" \/>\n<meta property=\"og:site_name\" content=\"Brewbrain\" \/>\n<meta property=\"article:publisher\" content=\"https:\/\/www.facebook.com\/myBrewBrain\/\" \/>\n<meta property=\"article:modified_time\" content=\"2026-03-11T09:57:46+00:00\" \/>\n<meta name=\"twitter:card\" content=\"summary_large_image\" \/>\n<meta name=\"twitter:label1\" content=\"Gesch\u00e4tzte Lesezeit\" \/>\n\t<meta name=\"twitter:data1\" content=\"1\u00a0Minute\" \/>\n<script type=\"application\/ld+json\" class=\"yoast-schema-graph\">{\"@context\":\"https:\\\/\\\/schema.org\",\"@graph\":[{\"@type\":\"WebPage\",\"@id\":\"https:\\\/\\\/brewbrain.nl\\\/about-us\\\/\",\"url\":\"https:\\\/\\\/brewbrain.nl\\\/about-us\\\/\",\"name\":\"About us - Brewbrain\",\"isPartOf\":{\"@id\":\"https:\\\/\\\/brewbrain.nl\\\/#website\"},\"datePublished\":\"2020-10-02T09:13:16+00:00\",\"dateModified\":\"2026-03-11T09:57:46+00:00\",\"breadcrumb\":{\"@id\":\"https:\\\/\\\/brewbrain.nl\\\/about-us\\\/#breadcrumb\"},\"inLanguage\":\"de\",\"potentialAction\":[{\"@type\":\"ReadAction\",\"target\":[\"https:\\\/\\\/brewbrain.nl\\\/about-us\\\/\"]}]},{\"@type\":\"BreadcrumbList\",\"@id\":\"https:\\\/\\\/brewbrain.nl\\\/about-us\\\/#breadcrumb\",\"itemListElement\":[{\"@type\":\"ListItem\",\"position\":1,\"name\":\"Home\",\"item\":\"https:\\\/\\\/brewbrain.nl\\\/\"},{\"@type\":\"ListItem\",\"position\":2,\"name\":\"About us\"}]},{\"@type\":\"WebSite\",\"@id\":\"https:\\\/\\\/brewbrain.nl\\\/#website\",\"url\":\"https:\\\/\\\/brewbrain.nl\\\/\",\"name\":\"Brewbrain\",\"description\":\"We put the brains in brewing\",\"publisher\":{\"@id\":\"https:\\\/\\\/brewbrain.nl\\\/#organization\"},\"potentialAction\":[{\"@type\":\"SearchAction\",\"target\":{\"@type\":\"EntryPoint\",\"urlTemplate\":\"https:\\\/\\\/brewbrain.nl\\\/?s={search_term_string}\"},\"query-input\":{\"@type\":\"PropertyValueSpecification\",\"valueRequired\":true,\"valueName\":\"search_term_string\"}}],\"inLanguage\":\"de\"},{\"@type\":\"Organization\",\"@id\":\"https:\\\/\\\/brewbrain.nl\\\/#organization\",\"name\":\"Brewbrain\",\"url\":\"https:\\\/\\\/brewbrain.nl\\\/\",\"logo\":{\"@type\":\"ImageObject\",\"inLanguage\":\"de\",\"@id\":\"https:\\\/\\\/brewbrain.nl\\\/#\\\/schema\\\/logo\\\/image\\\/\",\"url\":\"https:\\\/\\\/brewbrain.nl\\\/wp-content\\\/uploads\\\/2020\\\/10\\\/brewbrain-logo.svg\",\"contentUrl\":\"https:\\\/\\\/brewbrain.nl\\\/wp-content\\\/uploads\\\/2020\\\/10\\\/brewbrain-logo.svg\",\"width\":1164,\"height\":662,\"caption\":\"Brewbrain\"},\"image\":{\"@id\":\"https:\\\/\\\/brewbrain.nl\\\/#\\\/schema\\\/logo\\\/image\\\/\"},\"sameAs\":[\"https:\\\/\\\/www.facebook.com\\\/myBrewBrain\\\/\",\"https:\\\/\\\/www.instagram.com\\\/brewbrain\\\/?hl=en\",\"https:\\\/\\\/www.linkedin.com\\\/company\\\/brewbrain\\\/about\\\/\",\"https:\\\/\\\/www.youtube.com\\\/channel\\\/UC7qeCoo07lE2q9Pvw6gpb0A\\\/featured\"]}]}<\/script>\n<!-- \/ Yoast SEO plugin. -->","yoast_head_json":{"title":"\u00dcber uns - Brewbrain","robots":{"index":"index","follow":"follow","max-snippet":"max-snippet:-1","max-image-preview":"max-image-preview:large","max-video-preview":"max-video-preview:-1"},"canonical":"https:\/\/brewbrain.nl\/de\/about-us\/","og_locale":"de_DE","og_type":"article","og_title":"About us - Brewbrain","og_url":"https:\/\/brewbrain.nl\/de\/about-us\/","og_site_name":"Brewbrain","article_publisher":"https:\/\/www.facebook.com\/myBrewBrain\/","article_modified_time":"2026-03-11T09:57:46+00:00","twitter_card":"summary_large_image","twitter_misc":{"Gesch\u00e4tzte Lesezeit":"1\u00a0Minute"},"schema":{"@context":"https:\/\/schema.org","@graph":[{"@type":"WebPage","@id":"https:\/\/brewbrain.nl\/about-us\/","url":"https:\/\/brewbrain.nl\/about-us\/","name":"\u00dcber uns - Brewbrain","isPartOf":{"@id":"https:\/\/brewbrain.nl\/#website"},"datePublished":"2020-10-02T09:13:16+00:00","dateModified":"2026-03-11T09:57:46+00:00","breadcrumb":{"@id":"https:\/\/brewbrain.nl\/about-us\/#breadcrumb"},"inLanguage":"de","potentialAction":[{"@type":"ReadAction","target":["https:\/\/brewbrain.nl\/about-us\/"]}]},{"@type":"BreadcrumbList","@id":"https:\/\/brewbrain.nl\/about-us\/#breadcrumb","itemListElement":[{"@type":"ListItem","position":1,"name":"Home","item":"https:\/\/brewbrain.nl\/"},{"@type":"ListItem","position":2,"name":"About us"}]},{"@type":"WebSite","@id":"https:\/\/brewbrain.nl\/#website","url":"https:\/\/brewbrain.nl\/","name":"Brewbrain","description":"Wir stecken Hirn ins Brauen","publisher":{"@id":"https:\/\/brewbrain.nl\/#organization"},"potentialAction":[{"@type":"SearchAction","target":{"@type":"EntryPoint","urlTemplate":"https:\/\/brewbrain.nl\/?s={search_term_string}"},"query-input":{"@type":"PropertyValueSpecification","valueRequired":true,"valueName":"search_term_string"}}],"inLanguage":"de"},{"@type":"Organization","@id":"https:\/\/brewbrain.nl\/#organization","name":"Brewbrain","url":"https:\/\/brewbrain.nl\/","logo":{"@type":"ImageObject","inLanguage":"de","@id":"https:\/\/brewbrain.nl\/#\/schema\/logo\/image\/","url":"https:\/\/brewbrain.nl\/wp-content\/uploads\/2020\/10\/brewbrain-logo.svg","contentUrl":"https:\/\/brewbrain.nl\/wp-content\/uploads\/2020\/10\/brewbrain-logo.svg","width":1164,"height":662,"caption":"Brewbrain"},"image":{"@id":"https:\/\/brewbrain.nl\/#\/schema\/logo\/image\/"},"sameAs":["https:\/\/www.facebook.com\/myBrewBrain\/","https:\/\/www.instagram.com\/brewbrain\/?hl=en","https:\/\/www.linkedin.com\/company\/brewbrain\/about\/","https:\/\/www.youtube.com\/channel\/UC7qeCoo07lE2q9Pvw6gpb0A\/featured"]}]}},"_links":{"self":[{"href":"https:\/\/brewbrain.nl\/de\/wp-json\/wp\/v2\/pages\/46","targetHints":{"allow":["GET"]}}],"collection":[{"href":"https:\/\/brewbrain.nl\/de\/wp-json\/wp\/v2\/pages"}],"about":[{"href":"https:\/\/brewbrain.nl\/de\/wp-json\/wp\/v2\/types\/page"}],"author":[{"embeddable":true,"href":"https:\/\/brewbrain.nl\/de\/wp-json\/wp\/v2\/users\/3"}],"replies":[{"embeddable":true,"href":"https:\/\/brewbrain.nl\/de\/wp-json\/wp\/v2\/comments?post=46"}],"version-history":[{"count":42,"href":"https:\/\/brewbrain.nl\/de\/wp-json\/wp\/v2\/pages\/46\/revisions"}],"predecessor-version":[{"id":1852,"href":"https:\/\/brewbrain.nl\/de\/wp-json\/wp\/v2\/pages\/46\/revisions\/1852"}],"wp:attachment":[{"href":"https:\/\/brewbrain.nl\/de\/wp-json\/wp\/v2\/media?parent=46"}],"curies":[{"name":"wp","href":"https:\/\/api.w.org\/{rel}","templated":true}]}}