{"id":2201,"date":"2026-04-21T21:46:59","date_gmt":"2026-04-21T21:46:59","guid":{"rendered":"https:\/\/brewbrain.nl\/?page_id=2201"},"modified":"2026-04-21T22:04:34","modified_gmt":"2026-04-21T22:04:34","slug":"where-to-buy-float-pro","status":"publish","type":"page","link":"https:\/\/brewbrain.nl\/de\/where-to-buy-float-pro\/","title":{"rendered":"Wo kaufen"},"content":{"rendered":"<div class=\"wpb-content-wrapper\"><section class=\"vc_section top-section\"><div class=\"vc_row wpb_row vc_row-fluid\"><div class=\"wpb_column vc_column_container vc_col-sm-12\"><div class=\"vc_column-inner\"><div class=\"wpb_wrapper\">\n\t<div class=\"wpb_text_column wpb_content_element\" >\n\t\t<div class=\"wpb_wrapper\">\n\t\t\t<h1>Wo kannst du Float Pro kaufen<\/h1>\n<p>Du suchst nach einem H\u00e4ndler f\u00fcr das <a href=\"https:\/\/brewbrain.nl\/de\/product\/float-pro\/\" target=\"_blank\" rel=\"noopener\">Float Pro digitales Hydrometer<\/a>? Nutze die interaktive Karte unten, um (online) H\u00e4ndler in deiner N\u00e4he zu finden und ihre Standorte zu checken. Du kannst auch nach unten scrollen, um eine komplette Liste der Shops und Adressen zu sehen. Float Pro ist derzeit \u00fcber unsere Handelspartner in der gesamten europ\u00e4ischen Region erh\u00e4ltlich, und es kommen regelm\u00e4\u00dfig neue L\u00e4den dazu.<\/p>\n\n\t\t<\/div>\n\t<\/div>\n<div class=\"vc_row wpb_row vc_inner vc_row-fluid buy_now\"><div class=\"wpb_column vc_column_container vc_col-sm-6\"><div class=\"vc_column-inner\"><div class=\"wpb_wrapper\">\n\t<div class=\"wpb_text_column wpb_content_element\" >\n\t\t<div class=\"wpb_wrapper\">\n\t\t\t<p>Du kannst Float Pro auch direkt bei uns kaufen:<\/p>\n\n\t\t<\/div>\n\t<\/div>\n<p class=\"product woocommerce add_to_cart_inline\" style=\"border:4px solid #ccc; padding: 12px;\"><span class=\"woocommerce-Price-amount amount\"><bdi><span class=\"woocommerce-Price-currencySymbol\">\u20ac<\/span>&nbsp;129,95<\/bdi><\/span><a href=\"\/de\/wp-json\/wp\/v2\/pages\/2201?add-to-cart=1167\" aria-describedby=\"woocommerce_loop_add_to_cart_link_describedby_1167\" data-quantity=\"1\" class=\"button product_type_simple add_to_cart_button ajax_add_to_cart\" data-product_id=\"1167\" data-product_sku=\"\" aria-label=\"In den Warenkorb legen: \u201cFloat Pro\u201d\" rel=\"nofollow\" data-success_message=\"\u201cFloat Pro\u201d wurde Ihrem Warenkorb hinzugef\u00fcgt\" role=\"button\" data-no-translation=\"\" data-trp-gettext=\"\" data-no-translation-aria-label=\"\" data-no-translation-data-success_message=\"\">In den Warenkorb legen<\/a>\t<span id=\"woocommerce_loop_add_to_cart_link_describedby_1167\" class=\"screen-reader-text\">\n\t\t\t<\/span>\n<\/p><\/div><\/div><\/div><\/div><\/div><\/div><\/div><\/div><\/section><div class=\"vc_row wpb_row vc_row-fluid\"><div class=\"wpb_column vc_column_container vc_col-sm-12\"><div class=\"vc_column-inner\"><div class=\"wpb_wrapper\">\n\t<div class=\"wpb_text_column wpb_content_element\" >\n\t\t<div class=\"wpb_wrapper\">\n\t\t\t<h2>Finde H\u00e4ndler in deiner N\u00e4he<\/h2>\n\n\t\t<\/div>\n\t<\/div>\n\n\t<div class=\"wpb_raw_code wpb_raw_html wpb_content_element\" >\n\t\t<div class=\"wpb_wrapper\">\n\t\t\t<div id=\"retailers\"><div id=\"map\"><\/div><div class=\"vc_row retailers\"><div class=\"retailer\" data-website-name=\"Brewbrain.com\" data-website=\"https:\/\/brewbrain.nl\/product\/float-pro\" data-address=\"Lulofsstraat 55, 2521 AL Den Haag\" data-name=\"Brewbrain\" data-latitude=\"52.06373339058936\" data-longitude=\"4.317158570973582\"><div class=\"retailer-name\">Brewbrain<\/div><div class=\"retailer-address\">Lulofsstraat 55, 2521 AL Den Haag<\/div><div class=\"retailer-country\">Die Niederlande<\/div><a target=\"_blank\" class=\"retailer-website\" href=\"https:\/\/brewbrain.nl\/de\/product\/float-pro\/\" rel=\"nofollow\">Brewbrain.com<\/a><\/div><div class=\"retailer\" data-website-name=\"Brouwland.com\" data-website=\"https:\/\/brouwland.com\/nl\/hydrometers\/21348-float-pro-digitale-hydrometer-en-thermometer.html\" data-address=\"Korspelsesteenweg 86, 3581 Beringen\" data-name=\"Brouwland\" data-latitude=\"51.089197822018264\" data-longitude=\"5.232456255587951\"><div class=\"retailer-name\">Brouwland<\/div><div class=\"retailer-address\">Korspelsesteenweg 86, 3581 Beringen<\/div><div class=\"retailer-country\">Belgium<\/div><a target=\"_blank\" class=\"retailer-website\" href=\"https:\/\/brouwland.com\/nl\/hydrometers\/21348-float-pro-digitale-hydrometer-en-thermometer.html\" rel=\"nofollow\">Brouwland.com<\/a><\/div><div class=\"retailer\" data-website-name=\"brew2bottle.co.uk\" data-website=\"https:\/\/brew2bottle.co.uk\/products\/brewbrain-float-pro-digital-wireless-hydrometer-and-thermometer\" data-address=\"Calder Mill, Lenches Road, BB8 8ET Colne\" data-name=\"Brew 2 bottle\" data-latitude=\"53.852413292779175\" data-longitude=\"-2.1686208740683433\"><div class=\"retailer-name\">Brew 2 bottle<\/div><div class=\"retailer-address\">Calder Mill, Lenches Road, BB8 8ET Colne<\/div><div class=\"retailer-country\">United Kingdom<\/div><a target=\"_blank\" class=\"retailer-website\" href=\"https:\/\/brew2bottle.co.uk\/products\/brewbrain-float-pro-digital-wireless-hydrometer-and-thermometer\" rel=\"nofollow\">brew2bottle.co.uk<\/a><\/div><div class=\"retailer\" data-website-name=\"autobrasseur.fr\" data-website=\"https:\/\/www.autobrasseur.fr\/mesure-de-la-densite-11\/3179-densimetre-float-pro-temperature-wifi-brewbrain.html\" data-address=\"7 Rue Du Chemin Vert BP102, 62300 LENS\" data-name=\"Autobrasseur\" data-latitude=\"50.4352699422013\" data-longitude=\"2.84003117929392\"><div class=\"retailer-name\">Autobrasseur<\/div><div class=\"retailer-address\">7 Rue Du Chemin Vert BP102, 62300 LENS<\/div><div class=\"retailer-country\">France<\/div><a target=\"_blank\" class=\"retailer-website\" href=\"https:\/\/www.autobrasseur.fr\/mesure-de-la-densite-11\/3179-densimetre-float-pro-temperature-wifi-brewbrain.html\" rel=\"nofollow\">autobrasseur.fr<\/a><\/div><div class=\"retailer\" data-website-name=\"brauundrauchshop.ch\" data-website=\"https:\/\/www.brauundrauchshop.ch\/float-pro-digitales-hydro-thermometer\" data-address=\"Hauptstrasse 1, 5026 Densb\u00fcren\" data-name=\"Brau und Rauchshop\" data-latitude=\"47.45828304481\" data-longitude=\"8.049334457280015\"><div class=\"retailer-name\">Brau und Rauchshop<\/div><div class=\"retailer-address\">Hauptstrasse 1, 5026 Densb\u00fcren<\/div><div class=\"retailer-country\">Switzerland<\/div><a target=\"_blank\" class=\"retailer-website\" href=\"https:\/\/www.brauundrauchshop.ch\/float-pro-digitales-hydro-thermometer\" rel=\"nofollow\">brauundrauchshop.ch<\/a><\/div><div class=\"retailer\" data-website-name=\"mashcamp.shop\" data-website=\"https:\/\/mashcamp.shop\/shop\/brauanlagen\/gaerbehaelter\/kontrollierte-gaerfuehrung\/brewbrain-float-pro\/\" data-address=\"Perfektastrasse 89, AT-1230 Wien\" data-name=\"Mash Camp\" data-latitude=\"48.13602891937926\" data-longitude=\"16.298655118252093\"><div class=\"retailer-name\">Mash Camp<\/div><div class=\"retailer-address\">Perfektastrasse 89, AT-1230 Wien<\/div><div class=\"retailer-country\">Austria<\/div><a target=\"_blank\" class=\"retailer-website\" href=\"https:\/\/mashcamp.shop\/shop\/brauanlagen\/gaerbehaelter\/kontrollierte-gaerfuehrung\/brewbrain-float-pro\/\" rel=\"nofollow\">mashcamp.shop<\/a><\/div><div class=\"retailer\" data-website-name=\"uninibrew-nederland.nl\" data-website=\"https:\/\/www.unibrew-nederland.nl\/brewbrain-float-pro-hydrometer.html\" data-address=\"Beekerheide 15A, 5741 HB Beek en Donk\" data-name=\"Unibrew\" data-latitude=\"51.5229071064911\" data-longitude=\"5.641907612868648\"><div class=\"retailer-name\">Unibrew<\/div><div class=\"retailer-address\">Beekerheide 15A, 5741 HB Beek en Donk<\/div><div class=\"retailer-country\">Die Niederlande<\/div><a target=\"_blank\" class=\"retailer-website\" href=\"https:\/\/www.unibrew-nederland.nl\/brewbrain-float-pro-hydrometer.html\" rel=\"nofollow\">uninibrew-nederland.nl<\/a><\/div><div class=\"retailer\" data-website-name=\"cocinista.es\" data-website=\"https:\/\/www.cocinista.es\/web\/es\/Densimetro-y-termometro-Float-Pro--12039.html\" data-address=\"Av. de la Encina, 10, 28942 Fuenlabrada, Madrid\" data-name=\"Cocinista\" data-latitude=\"40.297884674345724\" data-longitude=\"-3.815629832646905\"><div class=\"retailer-name\">Cocinista<\/div><div class=\"retailer-address\">Av. de la Encina, 10, 28942 Fuenlabrada, Madrid<\/div><div class=\"retailer-country\">Spain<\/div><a target=\"_blank\" class=\"retailer-website\" href=\"https:\/\/www.cocinista.es\/web\/es\/Densimetro-y-termometro-Float-Pro--12039.html\" rel=\"nofollow\">cocinista.es<\/a><\/div><div class=\"retailer\" data-website-name=\"homebrew.no\" data-website=\"https:\/\/www.homebrew.no\/hydrometer-og-refraktometer\/103575\/float-pro-digital-hydrometer-sanntid-sg-og-temp-tr%c3%a5dl%c3%b8st\" data-address=\"Str\u00f8msveien 80, 2010 Str\u00f8mmen\" data-name=\"Strommen Hjembrygg\" data-latitude=\"59.94992613523271\" data-longitude=\"11.011885542329654\"><div class=\"retailer-name\">Strommen Hjembrygg<\/div><div class=\"retailer-address\">Str\u00f8msveien 80, 2010 Str\u00f8mmen<\/div><div class=\"retailer-country\">Norway<\/div><a target=\"_blank\" class=\"retailer-website\" href=\"https:\/\/www.homebrew.no\/hydrometer-og-refraktometer\/103575\/float-pro-digital-hydrometer-sanntid-sg-og-temp-tr%c3%a5dl%c3%b8st\" rel=\"nofollow\">homebrew.no<\/a><\/div><\/div><\/div>\n\t\t<\/div>\n\t<\/div>\n<\/div><\/div><\/div><\/div><div class=\"vc_row wpb_row vc_row-fluid\"><div class=\"wpb_column vc_column_container vc_col-sm-12\"><div class=\"vc_column-inner\"><div class=\"wpb_wrapper\">\n\t<div class=\"wpb_text_column wpb_content_element\" >\n\t\t<div class=\"wpb_wrapper\">\n\t\t\t<h2>Verkaufe Float Pro in deinem Laden<\/h2>\n<p>Wenn du Einzelh\u00e4ndler bist und das <a href=\"https:\/\/brewbrain.nl\/de\/product\/float-pro\/\" target=\"_blank\" rel=\"noopener\">Float Pro digitales Hydrometer<\/a> in deinem Laden anbieten m\u00f6chtest, w\u00fcrden wir uns freuen, von dir zu h\u00f6ren.<\/p>\n<p>Wir sind st\u00e4ndig auf der Suche, unser Netzwerk an Handelspartnern in Europa und dar\u00fcber hinaus auszubauen. Float Pro w\u00e4chst schnell in der Heimbrau-Community, und wir unterst\u00fctzen unsere Partner mit Produktinformationen, Marketingmaterialien und zuverl\u00e4ssiger Lieferung.<\/p>\n<p>Wenn du daran interessiert bist, Brewbrain-Produkte in deinem Sortiment zu f\u00fchren, melde dich einfach bei uns unter <a class=\"decorated-link cursor-pointer\" href=\"mailto:sales@brewbrain.nl\" rel=\"noopener\">sales@brewbrain.nl<\/a>. Wir freuen uns darauf, eine m\u00f6gliche Partnerschaft mit dir zu besprechen.<\/p>\n\n\t\t<\/div>\n\t<\/div>\n<\/div><\/div><\/div><\/div>\n<\/div>","protected":false},"excerpt":{"rendered":"Where to buy Float Pro Looking where to buy Float Pro digital hydrometer? Use the interactive map below to find (online) retailers near you and check their store locations. You can also scroll down for a complete list of shops...","protected":false},"author":5,"featured_media":0,"parent":0,"menu_order":0,"comment_status":"closed","ping_status":"closed","template":"","meta":{"_acf_changed":false,"footnotes":""},"class_list":["post-2201","page","type-page","status-publish","hentry"],"acf":[],"yoast_head":"<!-- This site is optimized with the Yoast SEO plugin v27.4 - https:\/\/yoast.com\/product\/yoast-seo-wordpress\/ -->\n<title>Where to buy Float Pro | Brewbrain retailers<\/title>\n<meta name=\"description\" content=\"Find where to buy Float Pro across Europe. Explore our interactive retailer map or order directly from Brewbrain, with fast EU shipping.\" \/>\n<meta name=\"robots\" content=\"index, follow, max-snippet:-1, max-image-preview:large, max-video-preview:-1\" \/>\n<link rel=\"canonical\" href=\"https:\/\/brewbrain.nl\/de\/where-to-buy-float-pro\/\" \/>\n<meta property=\"og:locale\" content=\"de_DE\" \/>\n<meta property=\"og:type\" content=\"article\" \/>\n<meta property=\"og:title\" content=\"Where to buy Float Pro | Brewbrain retailers\" \/>\n<meta property=\"og:description\" content=\"Find where to buy Float Pro across Europe. Explore our interactive retailer map or order directly from Brewbrain, with fast EU shipping.\" \/>\n<meta property=\"og:url\" content=\"https:\/\/brewbrain.nl\/de\/where-to-buy-float-pro\/\" \/>\n<meta property=\"og:site_name\" content=\"Brewbrain\" \/>\n<meta property=\"article:publisher\" content=\"https:\/\/www.facebook.com\/myBrewBrain\/\" \/>\n<meta property=\"article:modified_time\" content=\"2026-04-21T22:04:34+00:00\" \/>\n<meta name=\"twitter:card\" content=\"summary_large_image\" \/>\n<meta name=\"twitter:label1\" content=\"Gesch\u00e4tzte Lesezeit\" \/>\n\t<meta name=\"twitter:data1\" content=\"1\u00a0Minute\" \/>\n<script type=\"application\/ld+json\" class=\"yoast-schema-graph\">{\"@context\":\"https:\\\/\\\/schema.org\",\"@graph\":[{\"@type\":\"WebPage\",\"@id\":\"https:\\\/\\\/brewbrain.nl\\\/where-to-buy-float-pro\\\/\",\"url\":\"https:\\\/\\\/brewbrain.nl\\\/where-to-buy-float-pro\\\/\",\"name\":\"Where to buy Float Pro | Brewbrain retailers\",\"isPartOf\":{\"@id\":\"https:\\\/\\\/brewbrain.nl\\\/#website\"},\"datePublished\":\"2026-04-21T21:46:59+00:00\",\"dateModified\":\"2026-04-21T22:04:34+00:00\",\"description\":\"Find where to buy Float Pro across Europe. Explore our interactive retailer map or order directly from Brewbrain, with fast EU shipping.\",\"breadcrumb\":{\"@id\":\"https:\\\/\\\/brewbrain.nl\\\/where-to-buy-float-pro\\\/#breadcrumb\"},\"inLanguage\":\"de\",\"potentialAction\":[{\"@type\":\"ReadAction\",\"target\":[\"https:\\\/\\\/brewbrain.nl\\\/where-to-buy-float-pro\\\/\"]}]},{\"@type\":\"BreadcrumbList\",\"@id\":\"https:\\\/\\\/brewbrain.nl\\\/where-to-buy-float-pro\\\/#breadcrumb\",\"itemListElement\":[{\"@type\":\"ListItem\",\"position\":1,\"name\":\"Home\",\"item\":\"https:\\\/\\\/brewbrain.nl\\\/\"},{\"@type\":\"ListItem\",\"position\":2,\"name\":\"Where to buy\"}]},{\"@type\":\"WebSite\",\"@id\":\"https:\\\/\\\/brewbrain.nl\\\/#website\",\"url\":\"https:\\\/\\\/brewbrain.nl\\\/\",\"name\":\"Brewbrain\",\"description\":\"We put the brains in brewing\",\"publisher\":{\"@id\":\"https:\\\/\\\/brewbrain.nl\\\/#organization\"},\"potentialAction\":[{\"@type\":\"SearchAction\",\"target\":{\"@type\":\"EntryPoint\",\"urlTemplate\":\"https:\\\/\\\/brewbrain.nl\\\/?s={search_term_string}\"},\"query-input\":{\"@type\":\"PropertyValueSpecification\",\"valueRequired\":true,\"valueName\":\"search_term_string\"}}],\"inLanguage\":\"de\"},{\"@type\":\"Organization\",\"@id\":\"https:\\\/\\\/brewbrain.nl\\\/#organization\",\"name\":\"Brewbrain\",\"url\":\"https:\\\/\\\/brewbrain.nl\\\/\",\"logo\":{\"@type\":\"ImageObject\",\"inLanguage\":\"de\",\"@id\":\"https:\\\/\\\/brewbrain.nl\\\/#\\\/schema\\\/logo\\\/image\\\/\",\"url\":\"https:\\\/\\\/brewbrain.nl\\\/wp-content\\\/uploads\\\/2020\\\/10\\\/brewbrain-logo.svg\",\"contentUrl\":\"https:\\\/\\\/brewbrain.nl\\\/wp-content\\\/uploads\\\/2020\\\/10\\\/brewbrain-logo.svg\",\"width\":1164,\"height\":662,\"caption\":\"Brewbrain\"},\"image\":{\"@id\":\"https:\\\/\\\/brewbrain.nl\\\/#\\\/schema\\\/logo\\\/image\\\/\"},\"sameAs\":[\"https:\\\/\\\/www.facebook.com\\\/myBrewBrain\\\/\",\"https:\\\/\\\/www.instagram.com\\\/brewbrain\\\/?hl=en\",\"https:\\\/\\\/www.linkedin.com\\\/company\\\/brewbrain\\\/about\\\/\",\"https:\\\/\\\/www.youtube.com\\\/channel\\\/UC7qeCoo07lE2q9Pvw6gpb0A\\\/featured\"]}]}<\/script>\n<!-- \/ Yoast SEO plugin. -->","yoast_head_json":{"title":"Where to buy Float Pro | Brewbrain retailers","description":"Find where to buy Float Pro across Europe. Explore our interactive retailer map or order directly from Brewbrain, with fast EU shipping.","robots":{"index":"index","follow":"follow","max-snippet":"max-snippet:-1","max-image-preview":"max-image-preview:large","max-video-preview":"max-video-preview:-1"},"canonical":"https:\/\/brewbrain.nl\/de\/where-to-buy-float-pro\/","og_locale":"de_DE","og_type":"article","og_title":"Where to buy Float Pro | Brewbrain retailers","og_description":"Find where to buy Float Pro across Europe. Explore our interactive retailer map or order directly from Brewbrain, with fast EU shipping.","og_url":"https:\/\/brewbrain.nl\/de\/where-to-buy-float-pro\/","og_site_name":"Brewbrain","article_publisher":"https:\/\/www.facebook.com\/myBrewBrain\/","article_modified_time":"2026-04-21T22:04:34+00:00","twitter_card":"summary_large_image","twitter_misc":{"Gesch\u00e4tzte Lesezeit":"1\u00a0Minute"},"schema":{"@context":"https:\/\/schema.org","@graph":[{"@type":"WebPage","@id":"https:\/\/brewbrain.nl\/where-to-buy-float-pro\/","url":"https:\/\/brewbrain.nl\/where-to-buy-float-pro\/","name":"Where to buy Float Pro | Brewbrain retailers","isPartOf":{"@id":"https:\/\/brewbrain.nl\/#website"},"datePublished":"2026-04-21T21:46:59+00:00","dateModified":"2026-04-21T22:04:34+00:00","description":"Find where to buy Float Pro across Europe. Explore our interactive retailer map or order directly from Brewbrain, with fast EU shipping.","breadcrumb":{"@id":"https:\/\/brewbrain.nl\/where-to-buy-float-pro\/#breadcrumb"},"inLanguage":"de","potentialAction":[{"@type":"ReadAction","target":["https:\/\/brewbrain.nl\/where-to-buy-float-pro\/"]}]},{"@type":"BreadcrumbList","@id":"https:\/\/brewbrain.nl\/where-to-buy-float-pro\/#breadcrumb","itemListElement":[{"@type":"ListItem","position":1,"name":"Home","item":"https:\/\/brewbrain.nl\/"},{"@type":"ListItem","position":2,"name":"Where to buy"}]},{"@type":"WebSite","@id":"https:\/\/brewbrain.nl\/#website","url":"https:\/\/brewbrain.nl\/","name":"Brewbrain","description":"Wir stecken Hirn ins Brauen","publisher":{"@id":"https:\/\/brewbrain.nl\/#organization"},"potentialAction":[{"@type":"SearchAction","target":{"@type":"EntryPoint","urlTemplate":"https:\/\/brewbrain.nl\/?s={search_term_string}"},"query-input":{"@type":"PropertyValueSpecification","valueRequired":true,"valueName":"search_term_string"}}],"inLanguage":"de"},{"@type":"Organization","@id":"https:\/\/brewbrain.nl\/#organization","name":"Brewbrain","url":"https:\/\/brewbrain.nl\/","logo":{"@type":"ImageObject","inLanguage":"de","@id":"https:\/\/brewbrain.nl\/#\/schema\/logo\/image\/","url":"https:\/\/brewbrain.nl\/wp-content\/uploads\/2020\/10\/brewbrain-logo.svg","contentUrl":"https:\/\/brewbrain.nl\/wp-content\/uploads\/2020\/10\/brewbrain-logo.svg","width":1164,"height":662,"caption":"Brewbrain"},"image":{"@id":"https:\/\/brewbrain.nl\/#\/schema\/logo\/image\/"},"sameAs":["https:\/\/www.facebook.com\/myBrewBrain\/","https:\/\/www.instagram.com\/brewbrain\/?hl=en","https:\/\/www.linkedin.com\/company\/brewbrain\/about\/","https:\/\/www.youtube.com\/channel\/UC7qeCoo07lE2q9Pvw6gpb0A\/featured"]}]}},"_links":{"self":[{"href":"https:\/\/brewbrain.nl\/de\/wp-json\/wp\/v2\/pages\/2201","targetHints":{"allow":["GET"]}}],"collection":[{"href":"https:\/\/brewbrain.nl\/de\/wp-json\/wp\/v2\/pages"}],"about":[{"href":"https:\/\/brewbrain.nl\/de\/wp-json\/wp\/v2\/types\/page"}],"author":[{"embeddable":true,"href":"https:\/\/brewbrain.nl\/de\/wp-json\/wp\/v2\/users\/5"}],"replies":[{"embeddable":true,"href":"https:\/\/brewbrain.nl\/de\/wp-json\/wp\/v2\/comments?post=2201"}],"version-history":[{"count":24,"href":"https:\/\/brewbrain.nl\/de\/wp-json\/wp\/v2\/pages\/2201\/revisions"}],"predecessor-version":[{"id":2235,"href":"https:\/\/brewbrain.nl\/de\/wp-json\/wp\/v2\/pages\/2201\/revisions\/2235"}],"wp:attachment":[{"href":"https:\/\/brewbrain.nl\/de\/wp-json\/wp\/v2\/media?parent=2201"}],"curies":[{"name":"wp","href":"https:\/\/api.w.org\/{rel}","templated":true}]}}