{"id":2,"date":"2020-09-28T11:07:48","date_gmt":"2020-09-28T11:07:48","guid":{"rendered":"https:\/\/brewbrain.nl\/?page_id=2"},"modified":"2026-04-05T14:13:06","modified_gmt":"2026-04-05T14:13:06","slug":"brew-better-beers-with-our-float-pro-hydrometer","status":"publish","type":"page","link":"https:\/\/brewbrain.nl\/de\/","title":{"rendered":"Brauen Sie besseres Bier mit unserem Float Pro Ar\u00e4ometer!"},"content":{"rendered":"<div class=\"wpb-content-wrapper\"><section class=\"vc_section top-section vc_custom_1603744630927 vc_section-has-fill\"><div class=\"vc_row wpb_row vc_row-fluid vc_custom_1603745059660 vc_row-o-content-middle vc_row-flex\"><div class=\"wpb_column vc_column_container vc_col-sm-12\"><div class=\"vc_column-inner vc_custom_1602780468192\"><div class=\"wpb_wrapper\"><div class=\"vc_tta-container vc_tta-o-non-responsive\" data-vc-action=\"collapse\" data-vc-tta-autoplay=\"{&quot;delay&quot;:5000}\"><div class=\"vc_general vc_tta vc_tta-tabs vc_tta-o-shape-group vc_tta-has-pagination vc_tta-o-no-fill vc_tta-tabs-position-top  vc_tta-pageable\"><div class=\"vc_tta-panels-container\">\n<ul aria-label=\"Paginierung\" class=\"vc_general vc_pagination vc_pagination-style-outline vc_pagination-shape-round vc_pagination-color-grey\">\n\n<li class=\"vc_pagination-item vc_active\" data-vc-tab>\n\t<a aria-label=\"Pagination Item 1\" href=\"#meet-float\" class=\"vc_pagination-trigger\" data-vc-tabs data-vc-container=\".vc_tta\"><\/a>\n<\/li>\n\n<\/ul>\n<div class=\"vc_tta-panels\"><div  class=\"vc_tta-panel vc_active\" id=\"meet-float\" data-vc-content=\".vc_tta-panel-body\"><div class=\"vc_tta-panel-body\">\n\t\t\t<span class=\"vc_tta-panel-title\">\n\t\t\t\t<a  data-vc-container=\".vc_tta-container\" data-vc-accordion=\"\" data-vc-target=\"#meet-float\"><\/a>\n\t\t\t<\/span>\n\t\t<div class=\"vc_row wpb_row vc_inner vc_row-fluid vc_custom_1759236818708 vc_row-has-fill vc_row-o-content-middle vc_row-flex\"><div class=\"wpb_column vc_column_container vc_col-sm-6\"><div class=\"vc_column-inner vc_custom_1602780462463\"><div class=\"wpb_wrapper\">\n\t<div class=\"wpb_text_column wpb_content_element wpb_animate_when_almost_visible wpb_slideInLeft slideInLeft BackgroundForMobileReadable\" >\n\t\t<div class=\"wpb_wrapper\">\n\t\t\t<h1>Das ist <strong>Float Pro.<\/strong><br \/>\nVerfolge die G\u00e4rung <strong>ohne den Fermenter zu \u00f6ffnen<\/strong>.<\/h1>\n\n\t\t<\/div>\n\t<\/div>\n<div class=\"vc_btn3-container  wpb_animate_when_almost_visible wpb_slideInLeft slideInLeft vc_btn3-inline vc_do_btn\" ><a class=\"vc_general vc_btn3 vc_btn3-size-md vc_btn3-shape-rounded vc_btn3-style-modern vc_btn3-color-black\" href=\"https:\/\/brewbrain.nl\/de\/product\/float-pro\/\" title=\"Erfahren Sie mehr \u00fcber das digitale Hydrometer Float Pro\">Float Pro<\/a><\/div><div class=\"vc_btn3-container  wpb_animate_when_almost_visible wpb_slideInLeft slideInLeft vc_btn3-inline vc_do_btn\" ><a class=\"vc_general vc_btn3 vc_btn3-size-md vc_btn3-shape-rounded vc_btn3-style-modern vc_btn3-color-primary\" href=\"https:\/\/brewbrain.nl\/de\/digital-hydrometer-learn-from-brews\/\" title=\"Warum die \u00dcberwachung der G\u00e4rung wichtig ist\">Warum die G\u00e4rung verfolgen?<\/a><\/div><\/div><\/div><\/div><div class=\"wpb_column vc_column_container vc_col-sm-6\"><div class=\"vc_column-inner\"><div class=\"wpb_wrapper\"><\/div><\/div><\/div><\/div><\/div><\/div><\/div><\/div><\/div><\/div><\/div><\/div><\/div><\/div><\/section><section class=\"vc_section vc_custom_1602228102568\"><div class=\"vc_row wpb_row vc_row-fluid bg-grey mobile-reverse-order vc_custom_1602758318898\"><div class=\"wpb_column vc_column_container vc_col-sm-6 vc_col-has-fill\"><div class=\"vc_column-inner vc_custom_1759236910859\"><div class=\"wpb_wrapper\"><\/div><\/div><\/div><div class=\"padding-lg wpb_column vc_column_container vc_col-sm-6\"><div class=\"vc_column-inner\"><div class=\"wpb_wrapper\">\n\t<div class=\"wpb_text_column wpb_content_element wpb_animate_when_almost_visible wpb_slideInRight slideInRight\" >\n\t\t<div class=\"wpb_wrapper\">\n\t\t\t<h5>Produkte<\/h5>\n\n\t\t<\/div>\n\t<\/div>\n\n\t<div class=\"wpb_text_column wpb_content_element wpb_animate_when_almost_visible wpb_slideInRight slideInRight\" >\n\t\t<div class=\"wpb_wrapper\">\n\t\t\t<h2 class=\"p1\"><span class=\"s1\">Wir entwickeln <strong>intelligente Brauwerkzeuge <\/strong>die dein Brauleben einfacher machen.<\/span><\/h2>\n\n\t\t<\/div>\n\t<\/div>\n\n\t<div class=\"wpb_text_column wpb_content_element wpb_animate_when_almost_visible wpb_slideInRight slideInRight\" >\n\t\t<div class=\"wpb_wrapper\">\n\t\t\t<p class=\"p1\">Warum deine Fermentation dem Zufall \u00fcberlassen? <a href=\"https:\/\/brewbrain.nl\/de\/product\/float-pro\/\" target=\"_blank\" rel=\"noopener\"><strong>Float Pro<\/strong><\/a> \u00fcberwacht automatisch Aktivit\u00e4t, Temperatur und Dichte in Echtzeit, sodass du jederzeit wei\u00dft, wie dein Bier sich entwickelt; ohne st\u00e4ndig nachsehen zu m\u00fcssen und mit voller Kontrolle \u00fcber jeden Sud.<\/p>\n\n\t\t<\/div>\n\t<\/div>\n<div class=\"vc_btn3-container  wpb_animate_when_almost_visible wpb_slideInRight slideInRight vc_btn3-inline vc_do_btn\" ><a class=\"vc_general vc_btn3 vc_btn3-size-md vc_btn3-shape-rounded vc_btn3-style-modern vc_btn3-color-primary\" href=\"https:\/\/brewbrain.nl\/de\/product\/float-pro\/\" title=\"Schau dir Float pro an\">Schau dir Float Pro an<\/a><\/div><\/div><\/div><\/div><\/div><\/section><section class=\"vc_section vc_custom_1601638665880\"><div class=\"vc_row wpb_row vc_row-fluid vc_custom_1759237787104\"><div class=\"wpb_column vc_column_container vc_col-sm-6\"><div class=\"vc_column-inner\"><div class=\"wpb_wrapper\">\n\t<div class=\"wpb_text_column wpb_content_element wpb_animate_when_almost_visible wpb_slideInLeft slideInLeft\" >\n\t\t<div class=\"wpb_wrapper\">\n\t\t\t<h5>My Brewbrain<\/h5>\n\n\t\t<\/div>\n\t<\/div>\n\n\t<div class=\"wpb_text_column wpb_content_element wpb_animate_when_almost_visible wpb_slideInLeft slideInLeft\" >\n\t\t<div class=\"wpb_wrapper\">\n\t\t\t<h2 class=\"p1 translation-block\">Dein eigenes Konto mit (Echtzeit-)Daten deinen aktuellen und vergangenen Suden.<br>\n<strong>Kostenlos.<\/strong><\/h2>\n\n\t\t<\/div>\n\t<\/div>\n\n\t<div class=\"wpb_text_column wpb_content_element wpb_animate_when_almost_visible wpb_slideInLeft slideInLeft\" >\n\t\t<div class=\"wpb_wrapper\">\n\t\t\t<p class=\"p1\">Mit einem <a href=\"https:\/\/my.brewbrain.nl\" target=\"_blank\" rel=\"noopener\"><strong>My Brewbrain<\/strong><\/a> kannst du deine Sude \u00fcberall verfolgen. Exportiere deine Daten oder sieh dir an, was andere brauen. Verbinde deine Daten ganz einfach mit anderen Tools wie <a href=\"https:\/\/brewfather.app\/\" target=\"_blank\" rel=\"noopener noreferrer\"><strong>Brewfather<\/strong><\/a> und <a href=\"https:\/\/grainfather.com\/\" target=\"_blank\" rel=\"noopener noreferrer\"><strong>Grainfather<\/strong><\/a>.<\/p>\n\n\t\t<\/div>\n\t<\/div>\n<div class=\"vc_btn3-container  wpb_animate_when_almost_visible wpb_slideInLeft slideInLeft vc_btn3-inline vc_do_btn\" ><a class=\"vc_general vc_btn3 vc_btn3-size-md vc_btn3-shape-rounded vc_btn3-style-modern vc_btn3-color-primary\" href=\"https:\/\/my.brewbrain.nl\/\" title=\"\">Kostenloses Konto erstellen<\/a><\/div><\/div><\/div><\/div><div class=\"wpb_column vc_column_container vc_col-sm-6 vc_col-has-fill\"><div class=\"vc_column-inner vc_custom_1759237708846\"><div class=\"wpb_wrapper\"><\/div><\/div><\/div><\/div><\/section><section class=\"vc_section vc_custom_1601638669307\"><div class=\"vc_row wpb_row vc_row-fluid bg-grey mobile-reverse-order vc_custom_1602776586516\"><div class=\"wpb_column vc_column_container vc_col-sm-6 vc_col-has-fill\"><div class=\"vc_column-inner vc_custom_1603790610312\"><div class=\"wpb_wrapper\"><\/div><\/div><\/div><div class=\"padding-lg wpb_column vc_column_container vc_col-sm-6 vc_col-has-fill\"><div class=\"vc_column-inner vc_custom_1602776609345\"><div class=\"wpb_wrapper\">\n\t<div class=\"wpb_text_column wpb_content_element wpb_animate_when_almost_visible wpb_slideInRight slideInRight\" >\n\t\t<div class=\"wpb_wrapper\">\n\t\t\t<h5>Support<\/h5>\n\n\t\t<\/div>\n\t<\/div>\n\n\t<div class=\"wpb_text_column wpb_content_element wpb_animate_when_almost_visible wpb_slideInRight slideInRight\" >\n\t\t<div class=\"wpb_wrapper\">\n\t\t\t<h2 class=\"p1\"><strong>Unbegrenzter Support.<\/strong> Get the most out of your smart brewing tools.<\/h2>\n\n\t\t<\/div>\n\t<\/div>\n\n\t<div class=\"wpb_text_column wpb_content_element wpb_animate_when_almost_visible wpb_slideInRight slideInRight\" >\n\t\t<div class=\"wpb_wrapper\">\n\t\t\t<p class=\"p1\">Wir m\u00f6chten, dass jeder Brauer die beste Erfahrung mit unseren Produkten macht. Hast du ein Problem oder eine Frage? <strong>Sag es uns!<\/strong><\/p>\n\n\t\t<\/div>\n\t<\/div>\n<div class=\"vc_btn3-container  wpb_animate_when_almost_visible wpb_slideInRight slideInRight vc_btn3-inline vc_do_btn\" ><a class=\"vc_general vc_btn3 vc_btn3-size-md vc_btn3-shape-rounded vc_btn3-style-modern vc_btn3-color-black\" href=\"mailto:support@brewbrain.nl\" title=\"Brewbrain-Support\">Support erhalten<\/a><\/div><div class=\"vc_btn3-container  wpb_animate_when_almost_visible wpb_slideInRight slideInRight vc_btn3-inline vc_do_btn\" ><a class=\"vc_general vc_btn3 vc_btn3-size-md vc_btn3-shape-rounded vc_btn3-style-outline vc_btn3-color-black\" href=\"http:\/\/my.brewbrain.nl\/FAQ\" title=\"FAQ\" target=\"_blank\">FAQ<\/a><\/div><\/div><\/div><\/div><\/div><\/section><section class=\"vc_section\"><div class=\"vc_row wpb_row vc_row-fluid\"><div class=\"wpb_column vc_column_container vc_col-sm-12\"><div class=\"vc_column-inner vc_custom_1602780325167\"><div class=\"wpb_wrapper\">\n\t<div class=\"wpb_text_column wpb_content_element wpb_animate_when_almost_visible wpb_slideInUp slideInUp\" >\n\t\t<div class=\"wpb_wrapper\">\n\t\t\t<h5>Brewbrain Blog<\/h5>\n\n\t\t<\/div>\n\t<\/div>\n\n\t<div class=\"wpb_text_column wpb_content_element wpb_animate_when_almost_visible wpb_slideInUp slideInUp\" >\n\t\t<div class=\"wpb_wrapper\">\n\t\t\t<h2 class=\"p1\"><span class=\"s1\">Wir teilen gerne unsere nerdigen Ideen, unser Wissen und unsere Erkenntnisse mit dir. <strong>Lies mehr in unseren neuesten Blogbeitr\u00e4gen.<\/strong><\/span><\/h2>\n\n\t\t<\/div>\n\t<\/div>\n\n<div class=\"vc_grid-container-wrapper vc_clearfix vc_grid-animation-slideInUp\">\n\t<div class=\"vc_grid-container vc_clearfix wpb_content_element vc_basic_grid latest-blog-items\" data-initial-loading-animation=\"slideInUp\" data-vc-grid-settings=\"{&quot;page_id&quot;:2,&quot;style&quot;:&quot;all&quot;,&quot;action&quot;:&quot;vc_get_vc_grid_data&quot;,&quot;shortcode_id&quot;:&quot;1775397946783-d757d4b2-ea88-3&quot;,&quot;tag&quot;:&quot;vc_basic_grid&quot;}\" data-vc-request=\"https:\/\/brewbrain.nl\/wp-admin\/admin-ajax.php\" data-vc-post-id=\"2\" data-vc-public-nonce=\"5cd8a23834\">\n\t\t<div class=\"vc_grid vc_row vc_pageable-wrapper vc_hook_hover\" data-vc-pageable-content=\"true\"><div class=\"vc_pageable-slide-wrapper vc_clearfix\" data-vc-grid-content=\"true\"><div class=\"vc_grid-item vc_clearfix vc_col-sm-6 vc_grid-item-zone-c-bottom\"><div class=\"vc_grid-item-mini vc_clearfix\"><div class=\"vc_gitem-animated-block\" ><div class=\"vc_gitem-zone vc_gitem-zone-a latest-blog-image has-background vc-gitem-zone-height-mode-auto vc-gitem-zone-height-mode-auto-1-1 vc_gitem-is-link\" style=\"background-image: url('https:\/\/brewbrain.nl\/wp-content\/uploads\/2026\/02\/blog_why_measure-e1772113888822-400x400.png') !important;\"><a href=\"https:\/\/brewbrain.nl\/de\/fermentation-monitoring-learn-from-brews\/\" title=\"Fermentations\u00fcberwachung: Lernen Sie aus Ihren Brauvorg\u00e4ngen\" class=\"vc_gitem-link vc-zone-link\" ><\/a><img decoding=\"async\" class=\"vc_gitem-zone-img\" src=\"https:\/\/brewbrain.nl\/wp-content\/uploads\/2026\/02\/blog_why_measure-e1772113888822-400x400.png\" alt=\"Entdecken Sie, wie Sie Ihre Bierg\u00e4rung mit dem digitalen Float Pro-Hydrometer von Brewbrain wie ein Profi \u00fcberwachen. Lernen Sie, Dichte und Temperatur in Echtzeit zu verfolgen und G\u00e4rungsdaten zu nutzen, um Ihre n\u00e4chste Charge zu verbessern. Perfekt f\u00fcr angehende Heimbrauer ebenso wie f\u00fcr Profis, die konsistentes, hochwertiges Bier meistern wollen.\" loading=\"lazy\"><div class=\"vc_gitem-zone-mini\"><\/div><\/div><\/div><div class=\"vc_gitem-zone vc_gitem-zone-c\"><div class=\"vc_gitem-zone-mini\"><div class=\"vc_gitem_row vc_row vc_gitem-row-position-top\"><div class=\"vc_col-sm-12 vc_gitem-col vc_gitem-col-align-\"><div class=\"vc_custom_heading vc_gitem-post-data vc_gitem-post-data-source-post_date\" ><div style=\"text-align: left\" >__OPENROUTER_FAILED__<\/div><\/div><div class=\"vc_custom_heading large-text vc_gitem-post-data vc_gitem-post-data-source-post_title\" ><div style=\"text-align: left\" ><a href=\"https:\/\/brewbrain.nl\/de\/fermentation-monitoring-learn-from-brews\/\" class=\"vc_gitem-link\" title=\"Fermentations\u00fcberwachung: Lernen Sie aus Ihren Brauvorg\u00e4ngen\">Fermentations\u00fcberwachung: Lernen Sie aus Ihren Brauvorg\u00e4ngen<\/a><\/div><\/div><\/div><\/div><div class=\"vc_gitem_row vc_row vc_gitem-row-position-top\"><div class=\"vc_col-sm-12 vc_gitem-col vc_gitem-col-align-\"><div class=\"vc_btn3-container vc_btn3-inline\"><a class=\"vc_general vc_btn3 vc_btn3-size-md vc_btn3-shape-rounded vc_btn3-style-modern vc_btn3-color-black\" a href=\"https:\/\/brewbrain.nl\/de\/fermentation-monitoring-learn-from-brews\/\" title=\"Artikel lesen\">Artikel lesen<\/a><\/div><\/div><\/div><\/div><\/div><\/div><div class=\"vc_clearfix\"><\/div><\/div><div class=\"vc_grid-item vc_clearfix vc_col-sm-6 vc_grid-item-zone-c-bottom\"><div class=\"vc_grid-item-mini vc_clearfix\"><div class=\"vc_gitem-animated-block\" ><div class=\"vc_gitem-zone vc_gitem-zone-a latest-blog-image has-background vc-gitem-zone-height-mode-auto vc-gitem-zone-height-mode-auto-1-1 vc_gitem-is-link\" style=\"background-image: url('https:\/\/brewbrain.nl\/wp-content\/uploads\/2025\/09\/brewbrain-bart-and-eric-with-float-pro-400x400.jpg') !important;\"><a href=\"https:\/\/brewbrain.nl\/de\/float-pro-wireless-hydrometer\/\" title=\"Warum wir unser Float Pro\u2764\ufe0f kabelloses Hydrometer lieben\" class=\"vc_gitem-link vc-zone-link\" ><\/a><img decoding=\"async\" class=\"vc_gitem-zone-img\" src=\"https:\/\/brewbrain.nl\/wp-content\/uploads\/2025\/09\/brewbrain-bart-and-eric-with-float-pro-400x400.jpg\" alt=\"Entdecken Sie das Brewbrain Float Pro, ein kabelloses Wi\u2011Fi Digitalhydrometer, das kontinuierlich die G\u00e4rungsdichte und -temperatur verfolgt, ohne Ihren G\u00e4rtank \u00f6ffnen zu m\u00fcssen. Entwickelt und produziert in den Niederlanden, bietet es Hobbybrauern Echtzeitdaten, einfache Einrichtung und bessere Kontrolle \u00fcber jede Charge.\" loading=\"lazy\"><div class=\"vc_gitem-zone-mini\"><\/div><\/div><\/div><div class=\"vc_gitem-zone vc_gitem-zone-c\"><div class=\"vc_gitem-zone-mini\"><div class=\"vc_gitem_row vc_row vc_gitem-row-position-top\"><div class=\"vc_col-sm-12 vc_gitem-col vc_gitem-col-align-\"><div class=\"vc_custom_heading vc_gitem-post-data vc_gitem-post-data-source-post_date\" ><div style=\"text-align: left\" >9. Januar 2026<\/div><\/div><div class=\"vc_custom_heading large-text vc_gitem-post-data vc_gitem-post-data-source-post_title\" ><div style=\"text-align: left\" ><a href=\"https:\/\/brewbrain.nl\/de\/float-pro-wireless-hydrometer\/\" class=\"vc_gitem-link\" title=\"Warum wir unser Float Pro\u2764\ufe0f kabelloses Hydrometer lieben\">Warum wir unser Float Pro\u2764\ufe0f kabelloses Hydrometer lieben<\/a><\/div><\/div><\/div><\/div><div class=\"vc_gitem_row vc_row vc_gitem-row-position-top\"><div class=\"vc_col-sm-12 vc_gitem-col vc_gitem-col-align-\"><div class=\"vc_btn3-container vc_btn3-inline\"><a class=\"vc_general vc_btn3 vc_btn3-size-md vc_btn3-shape-rounded vc_btn3-style-modern vc_btn3-color-black\" a href=\"https:\/\/brewbrain.nl\/de\/float-pro-wireless-hydrometer\/\" title=\"Artikel lesen\">Artikel lesen<\/a><\/div><\/div><\/div><\/div><\/div><\/div><div class=\"vc_clearfix\"><\/div><\/div><\/div><\/div>\n\t<\/div>\n<\/div><div class=\"vc_btn3-container  see-all-articles  wpb_animate_when_almost_visible wpb_slideInUp slideInUp vc_btn3-inline vc_do_btn\" ><a class=\"vc_general vc_btn3 vc_btn3-size-md vc_btn3-shape-rounded vc_btn3-style-modern vc_btn3-color-primary\" href=\"\/de\/blog\/\" title=\"Blog\">Alle Artikel anzeigen<\/a><\/div><\/div><\/div><\/div><\/div><\/section>\n<\/div>","protected":false},"excerpt":{"rendered":"Meet Float Pro. Track fermentation without opening your fermenter. Float ProWhy track fermenatation? Products We create smart brewing tools that will make your brewing-life easier. Why guess your fermentation progress? Float Pro automatically tracks activity, temperature, and SG in real...","protected":false},"author":10,"featured_media":675,"parent":0,"menu_order":17,"comment_status":"closed","ping_status":"closed","template":"","meta":{"_acf_changed":false,"footnotes":""},"class_list":["post-2","page","type-page","status-publish","has-post-thumbnail","hentry"],"acf":[],"yoast_head":"<!-- This site is optimized with the Yoast SEO plugin v27.4 - https:\/\/yoast.com\/product\/yoast-seo-wordpress\/ -->\n<title>Smart Brewing Tools &amp; Digital Hydrometers | Brewbrain<\/title>\n<meta name=\"description\" content=\"Brew smarter with real-time fermentation tracking. Measure gravity and temperature with Float Pro digital hydrometer.\" \/>\n<meta name=\"robots\" content=\"index, follow, max-snippet:-1, max-image-preview:large, max-video-preview:-1\" \/>\n<link rel=\"canonical\" href=\"https:\/\/brewbrain.nl\/de\/\" \/>\n<meta property=\"og:locale\" content=\"de_DE\" \/>\n<meta property=\"og:type\" content=\"article\" \/>\n<meta property=\"og:title\" content=\"Smart Brewing Tools &amp; Digital Hydrometers | Brewbrain\" \/>\n<meta property=\"og:description\" content=\"Brew smarter with real-time fermentation tracking. Measure gravity and temperature with Float Pro digital hydrometer.\" \/>\n<meta property=\"og:url\" content=\"https:\/\/brewbrain.nl\/de\/\" \/>\n<meta property=\"og:site_name\" content=\"Brewbrain\" \/>\n<meta property=\"article:publisher\" content=\"https:\/\/www.facebook.com\/myBrewBrain\/\" \/>\n<meta property=\"article:modified_time\" content=\"2026-04-05T14:13:06+00:00\" \/>\n<meta property=\"og:image\" content=\"https:\/\/brewbrain.nl\/wp-content\/uploads\/2020\/10\/my-brewbrain-mock-up-brews-in-the-cloud-iphone.jpg\" \/>\n\t<meta property=\"og:image:width\" content=\"2338\" \/>\n\t<meta property=\"og:image:height\" content=\"2338\" \/>\n\t<meta property=\"og:image:type\" content=\"image\/jpeg\" \/>\n<meta name=\"twitter:card\" content=\"summary_large_image\" \/>\n<meta name=\"twitter:label1\" content=\"Gesch\u00e4tzte Lesezeit\" \/>\n\t<meta name=\"twitter:data1\" content=\"2\u00a0Minuten\" \/>\n<script type=\"application\/ld+json\" class=\"yoast-schema-graph\">{\"@context\":\"https:\\\/\\\/schema.org\",\"@graph\":[{\"@type\":\"WebPage\",\"@id\":\"https:\\\/\\\/brewbrain.nl\\\/\",\"url\":\"https:\\\/\\\/brewbrain.nl\\\/\",\"name\":\"Smart Brewing Tools & Digital Hydrometers | Brewbrain\",\"isPartOf\":{\"@id\":\"https:\\\/\\\/brewbrain.nl\\\/#website\"},\"primaryImageOfPage\":{\"@id\":\"https:\\\/\\\/brewbrain.nl\\\/#primaryimage\"},\"image\":{\"@id\":\"https:\\\/\\\/brewbrain.nl\\\/#primaryimage\"},\"thumbnailUrl\":\"https:\\\/\\\/brewbrain.nl\\\/wp-content\\\/uploads\\\/2020\\\/10\\\/my-brewbrain-mock-up-brews-in-the-cloud-iphone.jpg\",\"datePublished\":\"2020-09-28T11:07:48+00:00\",\"dateModified\":\"2026-04-05T14:13:06+00:00\",\"description\":\"Brew smarter with real-time fermentation tracking. Measure gravity and temperature with Float Pro digital hydrometer.\",\"breadcrumb\":{\"@id\":\"https:\\\/\\\/brewbrain.nl\\\/#breadcrumb\"},\"inLanguage\":\"de\",\"potentialAction\":[{\"@type\":\"ReadAction\",\"target\":[\"https:\\\/\\\/brewbrain.nl\\\/\"]}]},{\"@type\":\"ImageObject\",\"inLanguage\":\"de\",\"@id\":\"https:\\\/\\\/brewbrain.nl\\\/#primaryimage\",\"url\":\"https:\\\/\\\/brewbrain.nl\\\/wp-content\\\/uploads\\\/2020\\\/10\\\/my-brewbrain-mock-up-brews-in-the-cloud-iphone.jpg\",\"contentUrl\":\"https:\\\/\\\/brewbrain.nl\\\/wp-content\\\/uploads\\\/2020\\\/10\\\/my-brewbrain-mock-up-brews-in-the-cloud-iphone.jpg\",\"width\":2338,\"height\":2338},{\"@type\":\"BreadcrumbList\",\"@id\":\"https:\\\/\\\/brewbrain.nl\\\/#breadcrumb\",\"itemListElement\":[{\"@type\":\"ListItem\",\"position\":1,\"name\":\"Home\",\"item\":\"https:\\\/\\\/brewbrain.nl\\\/\"},{\"@type\":\"ListItem\",\"position\":2,\"name\":\"Brew better beers with our Float Pro Hydrometer!\"}]},{\"@type\":\"WebSite\",\"@id\":\"https:\\\/\\\/brewbrain.nl\\\/#website\",\"url\":\"https:\\\/\\\/brewbrain.nl\\\/\",\"name\":\"Brewbrain\",\"description\":\"We put the brains in brewing\",\"publisher\":{\"@id\":\"https:\\\/\\\/brewbrain.nl\\\/#organization\"},\"potentialAction\":[{\"@type\":\"SearchAction\",\"target\":{\"@type\":\"EntryPoint\",\"urlTemplate\":\"https:\\\/\\\/brewbrain.nl\\\/?s={search_term_string}\"},\"query-input\":{\"@type\":\"PropertyValueSpecification\",\"valueRequired\":true,\"valueName\":\"search_term_string\"}}],\"inLanguage\":\"de\"},{\"@type\":\"Organization\",\"@id\":\"https:\\\/\\\/brewbrain.nl\\\/#organization\",\"name\":\"Brewbrain\",\"url\":\"https:\\\/\\\/brewbrain.nl\\\/\",\"logo\":{\"@type\":\"ImageObject\",\"inLanguage\":\"de\",\"@id\":\"https:\\\/\\\/brewbrain.nl\\\/#\\\/schema\\\/logo\\\/image\\\/\",\"url\":\"https:\\\/\\\/brewbrain.nl\\\/wp-content\\\/uploads\\\/2020\\\/10\\\/brewbrain-logo.svg\",\"contentUrl\":\"https:\\\/\\\/brewbrain.nl\\\/wp-content\\\/uploads\\\/2020\\\/10\\\/brewbrain-logo.svg\",\"width\":1164,\"height\":662,\"caption\":\"Brewbrain\"},\"image\":{\"@id\":\"https:\\\/\\\/brewbrain.nl\\\/#\\\/schema\\\/logo\\\/image\\\/\"},\"sameAs\":[\"https:\\\/\\\/www.facebook.com\\\/myBrewBrain\\\/\",\"https:\\\/\\\/www.instagram.com\\\/brewbrain\\\/?hl=en\",\"https:\\\/\\\/www.linkedin.com\\\/company\\\/brewbrain\\\/about\\\/\",\"https:\\\/\\\/www.youtube.com\\\/channel\\\/UC7qeCoo07lE2q9Pvw6gpb0A\\\/featured\"]}]}<\/script>\n<!-- \/ Yoast SEO plugin. -->","yoast_head_json":{"title":"Smart Brewing Tools & Digital Hydrometers | Brewbrain","description":"Brew smarter with real-time fermentation tracking. Measure gravity and temperature with Float Pro digital hydrometer.","robots":{"index":"index","follow":"follow","max-snippet":"max-snippet:-1","max-image-preview":"max-image-preview:large","max-video-preview":"max-video-preview:-1"},"canonical":"https:\/\/brewbrain.nl\/de\/","og_locale":"de_DE","og_type":"article","og_title":"Smart Brewing Tools & Digital Hydrometers | Brewbrain","og_description":"Brew smarter with real-time fermentation tracking. Measure gravity and temperature with Float Pro digital hydrometer.","og_url":"https:\/\/brewbrain.nl\/de\/","og_site_name":"Brewbrain","article_publisher":"https:\/\/www.facebook.com\/myBrewBrain\/","article_modified_time":"2026-04-05T14:13:06+00:00","og_image":[{"width":2338,"height":2338,"url":"https:\/\/brewbrain.nl\/wp-content\/uploads\/2020\/10\/my-brewbrain-mock-up-brews-in-the-cloud-iphone.jpg","type":"image\/jpeg"}],"twitter_card":"summary_large_image","twitter_misc":{"Gesch\u00e4tzte Lesezeit":"2\u00a0Minuten"},"schema":{"@context":"https:\/\/schema.org","@graph":[{"@type":"WebPage","@id":"https:\/\/brewbrain.nl\/","url":"https:\/\/brewbrain.nl\/","name":"Smart Brewing Tools & Digital Hydrometers | Brewbrain","isPartOf":{"@id":"https:\/\/brewbrain.nl\/#website"},"primaryImageOfPage":{"@id":"https:\/\/brewbrain.nl\/#primaryimage"},"image":{"@id":"https:\/\/brewbrain.nl\/#primaryimage"},"thumbnailUrl":"https:\/\/brewbrain.nl\/wp-content\/uploads\/2020\/10\/my-brewbrain-mock-up-brews-in-the-cloud-iphone.jpg","datePublished":"2020-09-28T11:07:48+00:00","dateModified":"2026-04-05T14:13:06+00:00","description":"Brew smarter with real-time fermentation tracking. Measure gravity and temperature with Float Pro digital hydrometer.","breadcrumb":{"@id":"https:\/\/brewbrain.nl\/#breadcrumb"},"inLanguage":"de","potentialAction":[{"@type":"ReadAction","target":["https:\/\/brewbrain.nl\/"]}]},{"@type":"ImageObject","inLanguage":"de","@id":"https:\/\/brewbrain.nl\/#primaryimage","url":"https:\/\/brewbrain.nl\/wp-content\/uploads\/2020\/10\/my-brewbrain-mock-up-brews-in-the-cloud-iphone.jpg","contentUrl":"https:\/\/brewbrain.nl\/wp-content\/uploads\/2020\/10\/my-brewbrain-mock-up-brews-in-the-cloud-iphone.jpg","width":2338,"height":2338},{"@type":"BreadcrumbList","@id":"https:\/\/brewbrain.nl\/#breadcrumb","itemListElement":[{"@type":"ListItem","position":1,"name":"Home","item":"https:\/\/brewbrain.nl\/"},{"@type":"ListItem","position":2,"name":"Brew better beers with our Float Pro Hydrometer!"}]},{"@type":"WebSite","@id":"https:\/\/brewbrain.nl\/#website","url":"https:\/\/brewbrain.nl\/","name":"Brewbrain","description":"Wir stecken Hirn ins Brauen","publisher":{"@id":"https:\/\/brewbrain.nl\/#organization"},"potentialAction":[{"@type":"SearchAction","target":{"@type":"EntryPoint","urlTemplate":"https:\/\/brewbrain.nl\/?s={search_term_string}"},"query-input":{"@type":"PropertyValueSpecification","valueRequired":true,"valueName":"search_term_string"}}],"inLanguage":"de"},{"@type":"Organization","@id":"https:\/\/brewbrain.nl\/#organization","name":"Brewbrain","url":"https:\/\/brewbrain.nl\/","logo":{"@type":"ImageObject","inLanguage":"de","@id":"https:\/\/brewbrain.nl\/#\/schema\/logo\/image\/","url":"https:\/\/brewbrain.nl\/wp-content\/uploads\/2020\/10\/brewbrain-logo.svg","contentUrl":"https:\/\/brewbrain.nl\/wp-content\/uploads\/2020\/10\/brewbrain-logo.svg","width":1164,"height":662,"caption":"Brewbrain"},"image":{"@id":"https:\/\/brewbrain.nl\/#\/schema\/logo\/image\/"},"sameAs":["https:\/\/www.facebook.com\/myBrewBrain\/","https:\/\/www.instagram.com\/brewbrain\/?hl=en","https:\/\/www.linkedin.com\/company\/brewbrain\/about\/","https:\/\/www.youtube.com\/channel\/UC7qeCoo07lE2q9Pvw6gpb0A\/featured"]}]}},"_links":{"self":[{"href":"https:\/\/brewbrain.nl\/de\/wp-json\/wp\/v2\/pages\/2","targetHints":{"allow":["GET"]}}],"collection":[{"href":"https:\/\/brewbrain.nl\/de\/wp-json\/wp\/v2\/pages"}],"about":[{"href":"https:\/\/brewbrain.nl\/de\/wp-json\/wp\/v2\/types\/page"}],"author":[{"embeddable":true,"href":"https:\/\/brewbrain.nl\/de\/wp-json\/wp\/v2\/users\/10"}],"replies":[{"embeddable":true,"href":"https:\/\/brewbrain.nl\/de\/wp-json\/wp\/v2\/comments?post=2"}],"version-history":[{"count":217,"href":"https:\/\/brewbrain.nl\/de\/wp-json\/wp\/v2\/pages\/2\/revisions"}],"predecessor-version":[{"id":1985,"href":"https:\/\/brewbrain.nl\/de\/wp-json\/wp\/v2\/pages\/2\/revisions\/1985"}],"wp:featuredmedia":[{"embeddable":true,"href":"https:\/\/brewbrain.nl\/de\/wp-json\/wp\/v2\/media\/675"}],"wp:attachment":[{"href":"https:\/\/brewbrain.nl\/de\/wp-json\/wp\/v2\/media?parent=2"}],"curies":[{"name":"wp","href":"https:\/\/api.w.org\/{rel}","templated":true}]}}