{"id":1783,"date":"2026-02-26T08:37:46","date_gmt":"2026-02-26T08:37:46","guid":{"rendered":"https:\/\/brewbrain.nl\/?page_id=1783"},"modified":"2026-03-31T13:59:23","modified_gmt":"2026-03-31T13:59:23","slug":"support","status":"publish","type":"page","link":"https:\/\/brewbrain.nl\/de\/support\/","title":{"rendered":"Support"},"content":{"rendered":"<div class=\"wpb-content-wrapper\"><section class=\"vc_section top-section\"><div class=\"vc_row wpb_row vc_row-fluid\"><div class=\"wpb_column vc_column_container vc_col-sm-12\"><div class=\"vc_column-inner\"><div class=\"wpb_wrapper\">\n\t<div class=\"wpb_text_column wpb_content_element wpb_animate_when_almost_visible wpb_slideInUp slideInUp\" >\n\t\t<div class=\"wpb_wrapper\">\n\t\t\t<h4>Support<\/h4>\n\n\t\t<\/div>\n\t<\/div>\n\n\t<div class=\"wpb_text_column wpb_content_element wpb_animate_when_almost_visible wpb_slideInUp slideInUp\" >\n\t\t<div class=\"wpb_wrapper\">\n\t\t\t<h1 class=\"p1\">Was auch immer deine <strong><span class=\"s1\">Frage<\/span><\/strong> wir haben, wir haben die <strong><span class=\"s1\">antwort<\/span><\/strong>.<\/h1>\n\n\t\t<\/div>\n\t<\/div>\n<\/div><\/div><\/div><\/div><div class=\"vc_row wpb_row vc_row-fluid\"><div class=\"wpb_column vc_column_container vc_col-sm-12\"><div class=\"vc_column-inner\"><div class=\"wpb_wrapper\">\n\t<div class=\"wpb_text_column wpb_content_element\" >\n\t\t<div class=\"wpb_wrapper\">\n\t\t\t<h2>W\u00e4hle dein Float:<\/h2>\n\n\t\t<\/div>\n\t<\/div>\n<div class=\"vc_row wpb_row vc_inner vc_row-fluid\"><div class=\"wpb_column vc_column_container vc_col-sm-6\"><div class=\"vc_column-inner\"><div class=\"wpb_wrapper\">\n\t<div  class=\"wpb_single_image wpb_content_element vc_align_center wpb_content_element\">\n\t\t\n\t\t<figure class=\"wpb_wrapper vc_figure\">\n\t\t\t<a href=\"https:\/\/brewbrain.nl\/de\/support\/floatpro\/\" target=\"_self\" class=\"vc_single_image-wrapper   vc_box_border_grey\"><img loading=\"lazy\" decoding=\"async\" width=\"600\" height=\"600\" src=\"https:\/\/brewbrain.nl\/wp-content\/uploads\/2025\/09\/float_pro_standing_with_packaging_small-600x600.png\" class=\"vc_single_image-img attachment-medium\" alt=\"Float Pro WLAN-Hygrometer\" title=\"float_pro_standing_mit_verpackung_klein\" srcset=\"https:\/\/brewbrain.nl\/wp-content\/uploads\/2025\/09\/float_pro_standing_with_packaging_small-600x600.png 600w, https:\/\/brewbrain.nl\/wp-content\/uploads\/2025\/09\/float_pro_standing_with_packaging_small-1024x1024.png 1024w, https:\/\/brewbrain.nl\/wp-content\/uploads\/2025\/09\/float_pro_standing_with_packaging_small-160x160.png 160w, https:\/\/brewbrain.nl\/wp-content\/uploads\/2025\/09\/float_pro_standing_with_packaging_small-768x768.png 768w, https:\/\/brewbrain.nl\/wp-content\/uploads\/2025\/09\/float_pro_standing_with_packaging_small-1536x1536.png 1536w, https:\/\/brewbrain.nl\/wp-content\/uploads\/2025\/09\/float_pro_standing_with_packaging_small-100x100.png 100w, https:\/\/brewbrain.nl\/wp-content\/uploads\/2025\/09\/float_pro_standing_with_packaging_small-80x80.png 80w, https:\/\/brewbrain.nl\/wp-content\/uploads\/2025\/09\/float_pro_standing_with_packaging_small-60x60.png 60w, https:\/\/brewbrain.nl\/wp-content\/uploads\/2025\/09\/float_pro_standing_with_packaging_small-300x300.png 300w, https:\/\/brewbrain.nl\/wp-content\/uploads\/2025\/09\/float_pro_standing_with_packaging_small.png 1843w\" sizes=\"auto, (max-width: 600px) 100vw, 600px\" \/><\/a>\n\t\t<\/figure>\n\t<\/div>\n\n\t<div class=\"wpb_text_column wpb_content_element\" >\n\t\t<div class=\"wpb_wrapper\">\n\t\t\t<h2 style=\"text-align: center;\">Float Pro<\/h2>\n\n\t\t<\/div>\n\t<\/div>\n<\/div><\/div><\/div><div class=\"wpb_column vc_column_container vc_col-sm-6\"><div class=\"vc_column-inner\"><div class=\"wpb_wrapper\">\n\t<div  class=\"wpb_single_image wpb_content_element vc_align_center wpb_content_element\">\n\t\t\n\t\t<figure class=\"wpb_wrapper vc_figure\">\n\t\t\t<a href=\"https:\/\/brewbrain.nl\/de\/support\/float\/\" target=\"_self\" class=\"vc_single_image-wrapper   vc_box_border_grey\"><img loading=\"lazy\" decoding=\"async\" width=\"600\" height=\"600\" src=\"https:\/\/brewbrain.nl\/wp-content\/uploads\/2020\/10\/brewbrain-product-float-test-3-600x600.jpg\" class=\"vc_single_image-img attachment-medium\" alt=\"\" title=\"brewbrain-Produkt-Float-Test-3\" srcset=\"https:\/\/brewbrain.nl\/wp-content\/uploads\/2020\/10\/brewbrain-product-float-test-3.jpg 600w, https:\/\/brewbrain.nl\/wp-content\/uploads\/2020\/10\/brewbrain-product-float-test-3-300x300.jpg 300w, https:\/\/brewbrain.nl\/wp-content\/uploads\/2020\/10\/brewbrain-product-float-test-3-100x100.jpg 100w, https:\/\/brewbrain.nl\/wp-content\/uploads\/2020\/10\/brewbrain-product-float-test-3-160x160.jpg 160w, https:\/\/brewbrain.nl\/wp-content\/uploads\/2020\/10\/brewbrain-product-float-test-3-80x80.jpg 80w, https:\/\/brewbrain.nl\/wp-content\/uploads\/2020\/10\/brewbrain-product-float-test-3-60x60.jpg 60w\" sizes=\"auto, (max-width: 600px) 100vw, 600px\" \/><\/a>\n\t\t<\/figure>\n\t<\/div>\n\n\t<div class=\"wpb_text_column wpb_content_element\" >\n\t\t<div class=\"wpb_wrapper\">\n\t\t\t<h2 style=\"text-align: center;\">Float<\/h2>\n\n\t\t<\/div>\n\t<\/div>\n<\/div><\/div><\/div><\/div><\/div><\/div><\/div><\/div><div class=\"vc_row wpb_row vc_row-fluid\"><div class=\"wpb_column vc_column_container vc_col-sm-12\"><div class=\"vc_column-inner\"><div class=\"wpb_wrapper\">\n\t<div class=\"wpb_text_column wpb_content_element wpb_animate_when_almost_visible wpb_slideInUp slideInUp\" >\n\t\t<div class=\"wpb_wrapper\">\n\t\t\t<h4>Allgemeine FAQ<\/h4>\n\n\t\t<\/div>\n\t<\/div>\n<\/div><\/div><\/div><\/div><div class=\"vc_row wpb_row vc_row-fluid wpb_animate_when_almost_visible wpb_slideInUp slideInUp vc_custom_1602746373670\"><div class=\"wpb_column vc_column_container vc_col-sm-12\"><div class=\"vc_column-inner\"><div class=\"wpb_wrapper\"><div  class=\"vc_do_toggle vc_toggle vc_toggle_default vc_toggle_color_default  vc_toggle_size_md\"><div class=\"vc_toggle_title\"><h4>Fragen zu My Brewbrain<\/h4><i class=\"vc_toggle_icon\"><\/i><\/div><div class=\"vc_toggle_content\"><p>F\u00fcr My Brewbrain plattformbezogene Fragen besuche bitte <a href=\"https:\/\/my.brewbrain.nl\/FAQ\">my.brewbrain.nl\/FAQ<\/a><\/p>\n<\/div><\/div><\/div><\/div><\/div><\/div><\/section><section class=\"vc_section vc_custom_1602532271607\"><div class=\"vc_row wpb_row vc_row-fluid\"><div class=\"wpb_column vc_column_container vc_col-sm-12\"><div class=\"vc_column-inner vc_custom_1602532945531\"><div class=\"wpb_wrapper\">\n\t<div class=\"wpb_text_column wpb_content_element wpb_animate_when_almost_visible wpb_slideInUp slideInUp\" >\n\t\t<div class=\"wpb_wrapper\">\n\t\t\t<h3 style=\"text-align: center;\">Weitere Fragen?<\/h3>\n\n\t\t<\/div>\n\t<\/div>\n<div class=\"vc_separator wpb_content_element vc_separator_align_center vc_sep_width_20 vc_sep_border_width_2 vc_sep_pos_align_center vc_separator_no_text vc_sep_color_grey wpb_content_element  wpb_content_element wpb_animate_when_almost_visible wpb_slideInUp slideInUp wpb_animate_when_almost_visible wpb_slideInUp slideInUp\" ><span class=\"vc_sep_holder vc_sep_holder_l\"><span class=\"vc_sep_line\"><\/span><\/span><span class=\"vc_sep_holder vc_sep_holder_r\"><span class=\"vc_sep_line\"><\/span><\/span>\n<\/div>\n\t<div class=\"wpb_text_column wpb_content_element wpb_animate_when_almost_visible wpb_slideInUp slideInUp\" >\n\t\t<div class=\"wpb_wrapper\">\n\t\t\t<p class=\"p1\" style=\"text-align: center;\">Sind Sie Einzelh\u00e4ndler und m\u00f6chten eines unserer Produkte in Ihrem Gesch\u00e4ft anbieten? Nehmen Sie Kontakt mit uns auf.<br \/>\nmit uns die M\u00f6glichkeiten zu besprechen.<\/p>\n<p style=\"text-align: center;\">Wir bieten Unterst\u00fctzung auf Englisch, Niederl\u00e4ndisch und Deutsch. Geben Sie uns bitte Ihren Benutzernamen und\/oder die Seriennummer Ihres Produkts an, um die Bearbeitung zu beschleunigen.<\/p>\n\n\t\t<\/div>\n\t<\/div>\n\n\t<div class=\"wpb_text_column wpb_content_element wpb_animate_when_almost_visible wpb_slideInUp slideInUp vc_custom_1774965559391 large-text\" >\n\t\t<div class=\"wpb_wrapper\">\n\t\t\t<p class=\"p1\" style=\"text-align: center;\"><a href=\"tel:+31850470852\"><span class=\"s1\">Rufen Sie uns an<\/span><\/a> oder <a href=\"mailto:support@brewbrain.nl\">senden Sie uns eine E-Mail<\/a>.<\/p>\n\n\t\t<\/div>\n\t<\/div>\n<\/div><\/div><\/div><\/div><\/section>\n<\/div>","protected":false},"excerpt":{"rendered":"Support Whatever your question is, we\u2019ve got the answer. Choose your Float: Float Pro Float General FAQ My Brewbrain questionsFor My Brewbrain platform related questions, please go to my.brewbrain.nl\/FAQ Other questions? Are you a retailer and interested in adding one...","protected":false},"author":5,"featured_media":0,"parent":0,"menu_order":13,"comment_status":"closed","ping_status":"closed","template":"","meta":{"_acf_changed":false,"footnotes":""},"class_list":["post-1783","page","type-page","status-publish","hentry"],"acf":[],"yoast_head":"<!-- This site is optimized with the Yoast SEO plugin v27.4 - https:\/\/yoast.com\/product\/yoast-seo-wordpress\/ -->\n<title>Support - Brewbrain<\/title>\n<meta name=\"description\" content=\"Whatever your question is, we\u2019ve got the answer.\" \/>\n<meta name=\"robots\" content=\"index, follow, max-snippet:-1, max-image-preview:large, max-video-preview:-1\" \/>\n<link rel=\"canonical\" href=\"https:\/\/brewbrain.nl\/de\/support\/\" \/>\n<meta property=\"og:locale\" content=\"de_DE\" \/>\n<meta property=\"og:type\" content=\"article\" \/>\n<meta property=\"og:title\" content=\"Support - Brewbrain\" \/>\n<meta property=\"og:description\" content=\"Whatever your question is, we\u2019ve got the answer.\" \/>\n<meta property=\"og:url\" content=\"https:\/\/brewbrain.nl\/de\/support\/\" \/>\n<meta property=\"og:site_name\" content=\"Brewbrain\" \/>\n<meta property=\"article:publisher\" content=\"https:\/\/www.facebook.com\/myBrewBrain\/\" \/>\n<meta property=\"article:modified_time\" content=\"2026-03-31T13:59:23+00:00\" \/>\n<meta name=\"twitter:card\" content=\"summary_large_image\" \/>\n<meta name=\"twitter:label1\" content=\"Gesch\u00e4tzte Lesezeit\" \/>\n\t<meta name=\"twitter:data1\" content=\"2\u00a0Minuten\" \/>\n<script type=\"application\/ld+json\" class=\"yoast-schema-graph\">{\"@context\":\"https:\\\/\\\/schema.org\",\"@graph\":[{\"@type\":\"WebPage\",\"@id\":\"https:\\\/\\\/brewbrain.nl\\\/support\\\/\",\"url\":\"https:\\\/\\\/brewbrain.nl\\\/support\\\/\",\"name\":\"Support - Brewbrain\",\"isPartOf\":{\"@id\":\"https:\\\/\\\/brewbrain.nl\\\/#website\"},\"datePublished\":\"2026-02-26T08:37:46+00:00\",\"dateModified\":\"2026-03-31T13:59:23+00:00\",\"description\":\"Whatever your question is, we\u2019ve got the answer.\",\"breadcrumb\":{\"@id\":\"https:\\\/\\\/brewbrain.nl\\\/support\\\/#breadcrumb\"},\"inLanguage\":\"de\",\"potentialAction\":[{\"@type\":\"ReadAction\",\"target\":[\"https:\\\/\\\/brewbrain.nl\\\/support\\\/\"]}]},{\"@type\":\"BreadcrumbList\",\"@id\":\"https:\\\/\\\/brewbrain.nl\\\/support\\\/#breadcrumb\",\"itemListElement\":[{\"@type\":\"ListItem\",\"position\":1,\"name\":\"Home\",\"item\":\"https:\\\/\\\/brewbrain.nl\\\/\"},{\"@type\":\"ListItem\",\"position\":2,\"name\":\"Support\"}]},{\"@type\":\"WebSite\",\"@id\":\"https:\\\/\\\/brewbrain.nl\\\/#website\",\"url\":\"https:\\\/\\\/brewbrain.nl\\\/\",\"name\":\"Brewbrain\",\"description\":\"We put the brains in brewing\",\"publisher\":{\"@id\":\"https:\\\/\\\/brewbrain.nl\\\/#organization\"},\"potentialAction\":[{\"@type\":\"SearchAction\",\"target\":{\"@type\":\"EntryPoint\",\"urlTemplate\":\"https:\\\/\\\/brewbrain.nl\\\/?s={search_term_string}\"},\"query-input\":{\"@type\":\"PropertyValueSpecification\",\"valueRequired\":true,\"valueName\":\"search_term_string\"}}],\"inLanguage\":\"de\"},{\"@type\":\"Organization\",\"@id\":\"https:\\\/\\\/brewbrain.nl\\\/#organization\",\"name\":\"Brewbrain\",\"url\":\"https:\\\/\\\/brewbrain.nl\\\/\",\"logo\":{\"@type\":\"ImageObject\",\"inLanguage\":\"de\",\"@id\":\"https:\\\/\\\/brewbrain.nl\\\/#\\\/schema\\\/logo\\\/image\\\/\",\"url\":\"https:\\\/\\\/brewbrain.nl\\\/wp-content\\\/uploads\\\/2020\\\/10\\\/brewbrain-logo.svg\",\"contentUrl\":\"https:\\\/\\\/brewbrain.nl\\\/wp-content\\\/uploads\\\/2020\\\/10\\\/brewbrain-logo.svg\",\"width\":1164,\"height\":662,\"caption\":\"Brewbrain\"},\"image\":{\"@id\":\"https:\\\/\\\/brewbrain.nl\\\/#\\\/schema\\\/logo\\\/image\\\/\"},\"sameAs\":[\"https:\\\/\\\/www.facebook.com\\\/myBrewBrain\\\/\",\"https:\\\/\\\/www.instagram.com\\\/brewbrain\\\/?hl=en\",\"https:\\\/\\\/www.linkedin.com\\\/company\\\/brewbrain\\\/about\\\/\",\"https:\\\/\\\/www.youtube.com\\\/channel\\\/UC7qeCoo07lE2q9Pvw6gpb0A\\\/featured\"]}]}<\/script>\n<!-- \/ Yoast SEO plugin. -->","yoast_head_json":{"title":"Unterst\u00fctzung - Braugehirn","description":"Welche Frage auch immer Sie haben, wir haben die Antwort.","robots":{"index":"index","follow":"follow","max-snippet":"max-snippet:-1","max-image-preview":"max-image-preview:large","max-video-preview":"max-video-preview:-1"},"canonical":"https:\/\/brewbrain.nl\/de\/support\/","og_locale":"de_DE","og_type":"article","og_title":"Support - Brewbrain","og_description":"Whatever your question is, we\u2019ve got the answer.","og_url":"https:\/\/brewbrain.nl\/de\/support\/","og_site_name":"Brewbrain","article_publisher":"https:\/\/www.facebook.com\/myBrewBrain\/","article_modified_time":"2026-03-31T13:59:23+00:00","twitter_card":"summary_large_image","twitter_misc":{"Gesch\u00e4tzte Lesezeit":"2\u00a0Minuten"},"schema":{"@context":"https:\/\/schema.org","@graph":[{"@type":"WebPage","@id":"https:\/\/brewbrain.nl\/support\/","url":"https:\/\/brewbrain.nl\/support\/","name":"Unterst\u00fctzung - Braugehirn","isPartOf":{"@id":"https:\/\/brewbrain.nl\/#website"},"datePublished":"2026-02-26T08:37:46+00:00","dateModified":"2026-03-31T13:59:23+00:00","description":"Welche Frage auch immer Sie haben, wir haben die Antwort.","breadcrumb":{"@id":"https:\/\/brewbrain.nl\/support\/#breadcrumb"},"inLanguage":"de","potentialAction":[{"@type":"ReadAction","target":["https:\/\/brewbrain.nl\/support\/"]}]},{"@type":"BreadcrumbList","@id":"https:\/\/brewbrain.nl\/support\/#breadcrumb","itemListElement":[{"@type":"ListItem","position":1,"name":"Home","item":"https:\/\/brewbrain.nl\/"},{"@type":"ListItem","position":2,"name":"Support"}]},{"@type":"WebSite","@id":"https:\/\/brewbrain.nl\/#website","url":"https:\/\/brewbrain.nl\/","name":"Brewbrain","description":"Wir stecken Hirn ins Brauen","publisher":{"@id":"https:\/\/brewbrain.nl\/#organization"},"potentialAction":[{"@type":"SearchAction","target":{"@type":"EntryPoint","urlTemplate":"https:\/\/brewbrain.nl\/?s={search_term_string}"},"query-input":{"@type":"PropertyValueSpecification","valueRequired":true,"valueName":"search_term_string"}}],"inLanguage":"de"},{"@type":"Organization","@id":"https:\/\/brewbrain.nl\/#organization","name":"Brewbrain","url":"https:\/\/brewbrain.nl\/","logo":{"@type":"ImageObject","inLanguage":"de","@id":"https:\/\/brewbrain.nl\/#\/schema\/logo\/image\/","url":"https:\/\/brewbrain.nl\/wp-content\/uploads\/2020\/10\/brewbrain-logo.svg","contentUrl":"https:\/\/brewbrain.nl\/wp-content\/uploads\/2020\/10\/brewbrain-logo.svg","width":1164,"height":662,"caption":"Brewbrain"},"image":{"@id":"https:\/\/brewbrain.nl\/#\/schema\/logo\/image\/"},"sameAs":["https:\/\/www.facebook.com\/myBrewBrain\/","https:\/\/www.instagram.com\/brewbrain\/?hl=en","https:\/\/www.linkedin.com\/company\/brewbrain\/about\/","https:\/\/www.youtube.com\/channel\/UC7qeCoo07lE2q9Pvw6gpb0A\/featured"]}]}},"_links":{"self":[{"href":"https:\/\/brewbrain.nl\/de\/wp-json\/wp\/v2\/pages\/1783","targetHints":{"allow":["GET"]}}],"collection":[{"href":"https:\/\/brewbrain.nl\/de\/wp-json\/wp\/v2\/pages"}],"about":[{"href":"https:\/\/brewbrain.nl\/de\/wp-json\/wp\/v2\/types\/page"}],"author":[{"embeddable":true,"href":"https:\/\/brewbrain.nl\/de\/wp-json\/wp\/v2\/users\/5"}],"replies":[{"embeddable":true,"href":"https:\/\/brewbrain.nl\/de\/wp-json\/wp\/v2\/comments?post=1783"}],"version-history":[{"count":13,"href":"https:\/\/brewbrain.nl\/de\/wp-json\/wp\/v2\/pages\/1783\/revisions"}],"predecessor-version":[{"id":1898,"href":"https:\/\/brewbrain.nl\/de\/wp-json\/wp\/v2\/pages\/1783\/revisions\/1898"}],"wp:attachment":[{"href":"https:\/\/brewbrain.nl\/de\/wp-json\/wp\/v2\/media?parent=1783"}],"curies":[{"name":"wp","href":"https:\/\/api.w.org\/{rel}","templated":true}]}}