{"id":1389,"date":"2025-11-12T11:11:15","date_gmt":"2025-11-12T11:11:15","guid":{"rendered":"https:\/\/brewbrain.nl\/?page_id=1389"},"modified":"2026-04-15T12:35:00","modified_gmt":"2026-04-15T12:35:00","slug":"floatpro","status":"publish","type":"page","link":"https:\/\/brewbrain.nl\/de\/support\/floatpro\/","title":{"rendered":"Float Pro Unterst\u00fctzung"},"content":{"rendered":"<div class=\"wpb-content-wrapper\"><section class=\"vc_section top-section\"><div class=\"vc_row wpb_row vc_row-fluid vc_custom_1602785414036 vc_row-o-content-middle vc_row-flex\"><div class=\"wpb_column vc_column_container vc_col-sm-6\"><div class=\"vc_column-inner vc_custom_1773091871363\"><div class=\"wpb_wrapper\">\n\t<div class=\"wpb_text_column wpb_content_element wpb_animate_when_almost_visible wpb_slideInLeft slideInLeft\" >\n\t\t<div class=\"wpb_wrapper\">\n\t\t\t<h1><strong>Float Pro<\/strong> support<\/h1>\n<p>&nbsp;<\/p>\n<h2 class=\"p1\">Was auch immer deine <strong><span class=\"s1\">Frage<\/span><\/strong> wir haben, wir haben die <strong><span class=\"s1\">antwort<\/span><\/strong>.<\/h2>\n\n\t\t<\/div>\n\t<\/div>\n<\/div><\/div><\/div><div class=\"hidden-tablet hidden-mobile wpb_column vc_column_container vc_col-sm-6 vc_hidden-xs\"><div class=\"vc_column-inner vc_custom_1773091878144\"><div class=\"wpb_wrapper\">\n\t<div  class=\"wpb_single_image wpb_content_element vc_align_center wpb_content_element\">\n\t\t\n\t\t<figure class=\"wpb_wrapper vc_figure\">\n\t\t\t<div class=\"vc_single_image-wrapper   vc_box_border_grey\"><img loading=\"lazy\" decoding=\"async\" width=\"600\" height=\"501\" src=\"https:\/\/brewbrain.nl\/wp-content\/uploads\/2026\/03\/float_pro_standing_with_packaging_large_cropped-600x501.png\" class=\"vc_single_image-img attachment-medium\" alt=\"Float Pro digital hydrometer with packaging shown side by side\" title=\"Float Pro digitales Hydrometer\" srcset=\"https:\/\/brewbrain.nl\/wp-content\/uploads\/2026\/03\/float_pro_standing_with_packaging_large_cropped-600x501.png 600w, https:\/\/brewbrain.nl\/wp-content\/uploads\/2026\/03\/float_pro_standing_with_packaging_large_cropped-1024x855.png 1024w, https:\/\/brewbrain.nl\/wp-content\/uploads\/2026\/03\/float_pro_standing_with_packaging_large_cropped-768x641.png 768w, https:\/\/brewbrain.nl\/wp-content\/uploads\/2026\/03\/float_pro_standing_with_packaging_large_cropped-1536x1282.png 1536w, https:\/\/brewbrain.nl\/wp-content\/uploads\/2026\/03\/float_pro_standing_with_packaging_large_cropped-96x80.png 96w, https:\/\/brewbrain.nl\/wp-content\/uploads\/2026\/03\/float_pro_standing_with_packaging_large_cropped-60x50.png 60w, https:\/\/brewbrain.nl\/wp-content\/uploads\/2026\/03\/float_pro_standing_with_packaging_large_cropped-300x250.png 300w, https:\/\/brewbrain.nl\/wp-content\/uploads\/2026\/03\/float_pro_standing_with_packaging_large_cropped.png 1569w\" sizes=\"auto, (max-width: 600px) 100vw, 600px\" \/><\/div>\n\t\t<\/figure>\n\t<\/div>\n<\/div><\/div><\/div><\/div><div class=\"vc_row wpb_row vc_row-fluid\"><div class=\"hidden-desktop wpb_column vc_column_container vc_col-sm-12\"><div class=\"vc_column-inner\"><div class=\"wpb_wrapper\">\n\t<div  class=\"wpb_single_image wpb_content_element vc_align_left wpb_content_element\">\n\t\t\n\t\t<figure class=\"wpb_wrapper vc_figure\">\n\t\t\t<div class=\"vc_single_image-wrapper   vc_box_border_grey\"><img loading=\"lazy\" decoding=\"async\" width=\"600\" height=\"501\" src=\"https:\/\/brewbrain.nl\/wp-content\/uploads\/2026\/03\/float_pro_standing_with_packaging_large_cropped-600x501.png\" class=\"vc_single_image-img attachment-medium\" alt=\"Float Pro digital hydrometer with packaging shown side by side\" title=\"Float Pro digitales Hydrometer\" srcset=\"https:\/\/brewbrain.nl\/wp-content\/uploads\/2026\/03\/float_pro_standing_with_packaging_large_cropped-600x501.png 600w, https:\/\/brewbrain.nl\/wp-content\/uploads\/2026\/03\/float_pro_standing_with_packaging_large_cropped-1024x855.png 1024w, https:\/\/brewbrain.nl\/wp-content\/uploads\/2026\/03\/float_pro_standing_with_packaging_large_cropped-768x641.png 768w, https:\/\/brewbrain.nl\/wp-content\/uploads\/2026\/03\/float_pro_standing_with_packaging_large_cropped-1536x1282.png 1536w, https:\/\/brewbrain.nl\/wp-content\/uploads\/2026\/03\/float_pro_standing_with_packaging_large_cropped-96x80.png 96w, https:\/\/brewbrain.nl\/wp-content\/uploads\/2026\/03\/float_pro_standing_with_packaging_large_cropped-60x50.png 60w, https:\/\/brewbrain.nl\/wp-content\/uploads\/2026\/03\/float_pro_standing_with_packaging_large_cropped-300x250.png 300w, https:\/\/brewbrain.nl\/wp-content\/uploads\/2026\/03\/float_pro_standing_with_packaging_large_cropped.png 1569w\" sizes=\"auto, (max-width: 600px) 100vw, 600px\" \/><\/div>\n\t\t<\/figure>\n\t<\/div>\n<\/div><\/div><\/div><\/div><div class=\"vc_row wpb_row vc_row-fluid\"><div class=\"wpb_column vc_column_container vc_col-sm-12\"><div class=\"vc_column-inner\"><div class=\"wpb_wrapper\">\n\t<div class=\"wpb_raw_code wpb_raw_html wpb_content_element\" >\n\t\t<div class=\"wpb_wrapper\">\n\t\t\t<style>\n.bb-nav ol {\n    display: flex;\n    gap: 1rem;\n    justify-content: center;\n    overflow-x: auto;\n}\n.bb-nav ol li {\n    white-space: nowrap;\n}\n@media only screen and (max-width: 480px) {\n\t.bb-nav ol {\n        justify-content: left;\n        flex-wrap: wrap;\n    }\n}\n<\/style>\n\n<nav class=\"bb-nav\">\n    <ol>\n        <li><a href=\"#documents\">Dokumente<\/a><\/li>\n        <li><a href=\"#FAQ\">FAQ<\/a><\/li>\n        <li><a href=\"#other_questions\">Weitere Fragen<\/a>\n    <\/ol>\n<\/nav>\n\t\t<\/div>\n\t<\/div>\n<\/div><\/div><\/div><\/div><div class=\"vc_row wpb_row vc_row-fluid wpb_animate_when_almost_visible wpb_slideInUp slideInUp vc_custom_1602746373670\"><div class=\"wpb_column vc_column_container vc_col-sm-12\"><div class=\"vc_column-inner\"><div class=\"wpb_wrapper\">\n\t<div class=\"wpb_text_column wpb_content_element\" id=\"documents\">\n\t\t<div class=\"wpb_wrapper\">\n\t\t\t<h2>Float Pro Dokumente<\/h2>\n\n\t\t<\/div>\n\t<\/div>\n<div class=\"vc_row wpb_row vc_inner vc_row-fluid vc_custom_1616687642523\"><div class=\"wpb_column vc_column_container vc_col-sm-6\"><div class=\"vc_column-inner vc_custom_1616687553962\"><div class=\"wpb_wrapper\">\n\t<div class=\"wpb_text_column wpb_content_element vc_custom_1776256498992\" >\n\t\t<div class=\"wpb_wrapper\">\n\t\t\t<ul>\n<li><a href=\"https:\/\/brewbrain.nl\/de\/support\/float-pro-manual\/\">Float Pro Manual &#8211; Multilingual<\/a><\/li>\n<li><a href=\"http:\/\/static.brewbrain.nl\/float-pro\/charging-pad-guide-latest\" target=\"_blank\" rel=\"noopener\">Lade-Pad-Anleitung<\/a><\/li>\n<li><a href=\"http:\/\/static.brewbrain.nl\/float-pro\/specifications-latest\" target=\"_blank\" rel=\"noopener\">Spezifikationen<\/a><\/li>\n<\/ul>\n\n\t\t<\/div>\n\t<\/div>\n<\/div><\/div><\/div><div class=\"wpb_column vc_column_container vc_col-sm-6\"><div class=\"vc_column-inner vc_custom_1616687456104\"><div class=\"wpb_wrapper\">\n\t<div class=\"wpb_text_column wpb_content_element\" >\n\t\t<div class=\"wpb_wrapper\">\n\t\t\t<p>Firmware interface:<\/p>\n\n\t\t<\/div>\n\t<\/div>\n\n\t<div  class=\"wpb_single_image wpb_content_element vc_align_left wpb_content_element\">\n\t\t\n\t\t<figure class=\"wpb_wrapper vc_figure\">\n\t\t\t<div class=\"vc_single_image-wrapper   vc_box_border_grey\"><img loading=\"lazy\" decoding=\"async\" width=\"169\" height=\"300\" src=\"https:\/\/brewbrain.nl\/wp-content\/uploads\/2025\/11\/Screen-Shot-2025-11-19-at-11.47.32-169x300.png\" class=\"vc_single_image-img attachment-small\" alt=\"\" title=\"Bildschirmfoto 2025-11-19 um 11.47.32\" srcset=\"https:\/\/brewbrain.nl\/wp-content\/uploads\/2025\/11\/Screen-Shot-2025-11-19-at-11.47.32-169x300.png 169w, https:\/\/brewbrain.nl\/wp-content\/uploads\/2025\/11\/Screen-Shot-2025-11-19-at-11.47.32-337x600.png 337w, https:\/\/brewbrain.nl\/wp-content\/uploads\/2025\/11\/Screen-Shot-2025-11-19-at-11.47.32-576x1024.png 576w, https:\/\/brewbrain.nl\/wp-content\/uploads\/2025\/11\/Screen-Shot-2025-11-19-at-11.47.32-45x80.png 45w, https:\/\/brewbrain.nl\/wp-content\/uploads\/2025\/11\/Screen-Shot-2025-11-19-at-11.47.32-34x60.png 34w, https:\/\/brewbrain.nl\/wp-content\/uploads\/2025\/11\/Screen-Shot-2025-11-19-at-11.47.32-600x1067.png 600w, https:\/\/brewbrain.nl\/wp-content\/uploads\/2025\/11\/Screen-Shot-2025-11-19-at-11.47.32.png 750w\" sizes=\"auto, (max-width: 169px) 100vw, 169px\" \/><\/div>\n\t\t<\/figure>\n\t<\/div>\n<\/div><\/div><\/div><\/div><\/div><\/div><\/div><\/div><\/section><div class=\"vc_row wpb_row vc_row-fluid\"><div class=\"wpb_column vc_column_container vc_col-sm-12\"><div class=\"vc_column-inner\"><div class=\"wpb_wrapper\">\n\t<div class=\"wpb_text_column wpb_content_element\" id=\"FAQ\">\n\t\t<div class=\"wpb_wrapper\">\n\t\t\t<h2>H\u00e4ufig gestellte Fragen (FAQ)<\/h2>\n<p>F\u00fcr Fragen zur My Brewbrain Plattform gehen Sie bitte zu <a href=\"https:\/\/my.brewbrain.nl\/FAQ\" target=\"_blank\" rel=\"noopener\">My Brewbrain H\u00e4ufig gestellte Fragen<\/a><\/p>\n\n\t\t<\/div>\n\t<\/div>\n<div  class=\"vc_do_toggle vc_toggle vc_toggle_default vc_toggle_color_default  vc_toggle_size_md\"><div class=\"vc_toggle_title\"><h4>Wie schalte ich Float Pro aus?<\/h4><i class=\"vc_toggle_icon\"><\/i><\/div><div class=\"vc_toggle_content\"><p>Lege zun\u00e4chst das Float Pro auf seinen Deckel und stelle es mit der flachen Seite nach unten auf einen Tisch.<\/p>\n<p>Das Float Pro schaltet sich auch automatisch aus, wenn es geladen wird.<\/p>\n<\/div><\/div><div  class=\"vc_do_toggle vc_toggle vc_toggle_default vc_toggle_color_default  vc_toggle_size_md\"><div class=\"vc_toggle_title\"><h4>Wie verbinde ich Float Pro mit einem anderen WLAN-Netzwerk?<\/h4><i class=\"vc_toggle_icon\"><\/i><\/div><div class=\"vc_toggle_content\"><p class=\"translation-block\">Versetze das Float Pro in den <strong>SETUP<\/strong>-Modus. Verbinde mit einem mobilen Ger\u00e4t mit dem WLAN-Zugangspunkt des Float Pro. Es erscheint eine Benutzeroberfl\u00e4che, w\u00e4hle \u201eWLAN \u00e4ndern\u201c und folge den Anweisungen auf dem Bildschirm.<\/p>\n<\/div><\/div><div  class=\"vc_do_toggle vc_toggle vc_toggle_default vc_toggle_color_default  vc_toggle_size_md\"><div class=\"vc_toggle_title\"><h4>Was bedeutet es, wenn der Deckel rot leuchtet?<\/h4><i class=\"vc_toggle_icon\"><\/i><\/div><div class=\"vc_toggle_content\"><p>Bitte lesen Sie den Abschnitt \u201cIch sehe ein rotes Licht\u201d im Handbuch (das oben heruntergeladen werden kann)<\/p>\n<\/div><\/div><div  class=\"vc_do_toggle vc_toggle vc_toggle_default vc_toggle_color_default  vc_toggle_size_md\"><div class=\"vc_toggle_title\"><h4>Was sind optimale WLAN-Einstellungen?<\/h4><i class=\"vc_toggle_icon\"><\/i><\/div><div class=\"vc_toggle_content\"><p>Float Pro <strong>verbindet sich nur mit 2,4 GHz<\/strong> Netzwerke.<\/p>\n<ul>\n<li>WLAN-Standard: 802.11 b\/g\/n (neue Modi wie n-only vermeiden)<\/li>\n<li>Kanalbandbreite: 20 MHz<\/li>\n<li>Kanal: 1, 6 oder 11<\/li>\n<li>Sicherheit: WPA2-PSK (AES)<\/li>\n<\/ul>\n<p>Verwende unterschiedliche WLAN-Netzwerknamen (SSID) f\u00fcr 2,4-GHz- und 5-GHz-Netzwerke<\/p>\n<p>&nbsp;<\/p>\n<p>Die folgenden Einstellungen verursachen oft Probleme:<\/p>\n<ul>\n<li>WPA3-only-Modus<\/li>\n<li>Nur 802.11ax (Wi-Fi 6) Modus<\/li>\n<li>Schnelles Roaming (802.11r)<\/li>\n<li>Airtime-Fairness (manchmal problematisch)<\/li>\n<\/ul>\n<\/div><\/div><div  class=\"vc_do_toggle vc_toggle vc_toggle_default vc_toggle_color_default  vc_toggle_size_md\"><div class=\"vc_toggle_title\"><h4>Wo kann ich meine Ma\u00dfeinheiten \u00e4ndern?<\/h4><i class=\"vc_toggle_icon\"><\/i><\/div><div class=\"vc_toggle_content\"><p>Float Pro misst die Dichte in SG und die Temperatur in \u00b0C. Du kannst die Anzeige der Messwerte in anderen Einheiten auf der My Brewbrain Plattform einstellen. Gehe dazu zu deinen <a href=\"https:\/\/my.brewbrain.nl\/user\/panel\" target=\"_blank\" rel=\"noopener\">Benutzereinstellungen auf der My Brewbrain Plattform<\/a>.<\/p>\n<p>Unter den Optionen sind <span class=\"fontstyle0\">\u00b0P, \u00b0Oe, Brix, Baum\u00e9, KMW\/Babo, \u00b0F, K.<\/span><\/p>\n<\/div><\/div><div  class=\"vc_do_toggle vc_toggle vc_toggle_default vc_toggle_color_default  vc_toggle_size_md\"><div class=\"vc_toggle_title\"><h4>Wo kann ich Float Pro kaufen?<\/h4><i class=\"vc_toggle_icon\"><\/i><\/div><div class=\"vc_toggle_content\"><p>Du kannst <a href=\"https:\/\/brewbrain.nl\/de\/product\/float-pro\/#Float_Pro\" target=\"_blank\" rel=\"noopener\">Float Pro direkt bei uns kaufen.<\/a>Oder frage in deinem lokalen Brauerei-Shop!<\/p>\n<\/div><\/div><\/div><\/div><\/div><\/div><section class=\"vc_section vc_custom_1602532271607\"><div class=\"vc_row wpb_row vc_row-fluid\"><div class=\"wpb_column vc_column_container vc_col-sm-12\"><div class=\"vc_column-inner vc_custom_1602532945531\"><div class=\"wpb_wrapper\">\n\t<div class=\"wpb_text_column wpb_content_element wpb_animate_when_almost_visible wpb_slideInUp slideInUp\" id=\"other_questions\">\n\t\t<div class=\"wpb_wrapper\">\n\t\t\t<h2 style=\"text-align: center;\">Weitere Fragen?<\/h2>\n\n\t\t<\/div>\n\t<\/div>\n<div class=\"vc_separator wpb_content_element vc_separator_align_center vc_sep_width_20 vc_sep_border_width_2 vc_sep_pos_align_center vc_separator_no_text vc_sep_color_grey wpb_content_element  wpb_content_element wpb_animate_when_almost_visible wpb_slideInUp slideInUp wpb_animate_when_almost_visible wpb_slideInUp slideInUp\" ><span class=\"vc_sep_holder vc_sep_holder_l\"><span class=\"vc_sep_line\"><\/span><\/span><span class=\"vc_sep_holder vc_sep_holder_r\"><span class=\"vc_sep_line\"><\/span><\/span>\n<\/div>\n\t<div class=\"wpb_text_column wpb_content_element wpb_animate_when_almost_visible wpb_slideInUp slideInUp\" >\n\t\t<div class=\"wpb_wrapper\">\n\t\t\t<p class=\"p1\" style=\"text-align: center;\">Sind Sie Einzelh\u00e4ndler und m\u00f6chten eines unserer Produkte in Ihrem Gesch\u00e4ft anbieten? Nehmen Sie Kontakt mit uns auf.<br \/>\nmit uns die M\u00f6glichkeiten zu besprechen.<\/p>\n<p style=\"text-align: center;\">Wir bieten Unterst\u00fctzung auf Englisch, Niederl\u00e4ndisch und Deutsch. Geben Sie uns bitte Ihren Benutzernamen und\/oder die Seriennummer Ihres Produkts an, um die Bearbeitung zu beschleunigen.<\/p>\n\n\t\t<\/div>\n\t<\/div>\n\n\t<div class=\"wpb_text_column wpb_content_element wpb_animate_when_almost_visible wpb_slideInUp slideInUp vc_custom_1646215769473 large-text\" >\n\t\t<div class=\"wpb_wrapper\">\n\t\t\t<p class=\"p1\" style=\"text-align: center;\"><a href=\"tel:+31850470852\"><span class=\"s1\">Rufen Sie uns an<\/span><\/a> oder <a href=\"mailto:support@brewbrain.nl\">schick uns ein <span class=\"s1\">E-Mail<\/span><\/a>.<\/p>\n\n\t\t<\/div>\n\t<\/div>\n<\/div><\/div><\/div><\/div><\/section>\n<\/div>","protected":false},"excerpt":{"rendered":"Float Pro support &nbsp; Whatever your question is, we\u2019ve got the answer. documents FAQ Other Questions Float Pro documents Float Pro Manual - Multilingual Charging pad guide Specifications Firmware interface: Frequently Asked Questions For questions regarding My Brewbrain Platform, please...","protected":false},"author":8,"featured_media":0,"parent":1783,"menu_order":14,"comment_status":"closed","ping_status":"closed","template":"","meta":{"_acf_changed":false,"footnotes":""},"class_list":["post-1389","page","type-page","status-publish","hentry"],"acf":[],"yoast_head":"<!-- This site is optimized with the Yoast SEO plugin v27.4 - https:\/\/yoast.com\/product\/yoast-seo-wordpress\/ -->\n<title>Float Pro Support - Brewbrain<\/title>\n<meta name=\"description\" content=\"Whatever your question is, we\u2019ve got the answer.\" \/>\n<meta name=\"robots\" content=\"index, follow, max-snippet:-1, max-image-preview:large, max-video-preview:-1\" \/>\n<link rel=\"canonical\" href=\"https:\/\/brewbrain.nl\/de\/support\/floatpro\/\" \/>\n<meta property=\"og:locale\" content=\"de_DE\" \/>\n<meta property=\"og:type\" content=\"article\" \/>\n<meta property=\"og:title\" content=\"Float Pro Support - Brewbrain\" \/>\n<meta property=\"og:description\" content=\"Whatever your question is, we\u2019ve got the answer.\" \/>\n<meta property=\"og:url\" content=\"https:\/\/brewbrain.nl\/de\/support\/floatpro\/\" \/>\n<meta property=\"og:site_name\" content=\"Brewbrain\" \/>\n<meta property=\"article:publisher\" content=\"https:\/\/www.facebook.com\/myBrewBrain\/\" \/>\n<meta property=\"article:modified_time\" content=\"2026-04-15T12:35:00+00:00\" \/>\n<meta name=\"twitter:card\" content=\"summary_large_image\" \/>\n<meta name=\"twitter:label1\" content=\"Gesch\u00e4tzte Lesezeit\" \/>\n\t<meta name=\"twitter:data1\" content=\"3\u00a0Minuten\" \/>\n<script type=\"application\/ld+json\" class=\"yoast-schema-graph\">{\"@context\":\"https:\\\/\\\/schema.org\",\"@graph\":[{\"@type\":\"WebPage\",\"@id\":\"https:\\\/\\\/brewbrain.nl\\\/support\\\/floatpro\\\/\",\"url\":\"https:\\\/\\\/brewbrain.nl\\\/support\\\/floatpro\\\/\",\"name\":\"Float Pro Support - Brewbrain\",\"isPartOf\":{\"@id\":\"https:\\\/\\\/brewbrain.nl\\\/#website\"},\"datePublished\":\"2025-11-12T11:11:15+00:00\",\"dateModified\":\"2026-04-15T12:35:00+00:00\",\"description\":\"Whatever your question is, we\u2019ve got the answer.\",\"breadcrumb\":{\"@id\":\"https:\\\/\\\/brewbrain.nl\\\/support\\\/floatpro\\\/#breadcrumb\"},\"inLanguage\":\"de\",\"potentialAction\":[{\"@type\":\"ReadAction\",\"target\":[\"https:\\\/\\\/brewbrain.nl\\\/support\\\/floatpro\\\/\"]}]},{\"@type\":\"BreadcrumbList\",\"@id\":\"https:\\\/\\\/brewbrain.nl\\\/support\\\/floatpro\\\/#breadcrumb\",\"itemListElement\":[{\"@type\":\"ListItem\",\"position\":1,\"name\":\"Home\",\"item\":\"https:\\\/\\\/brewbrain.nl\\\/\"},{\"@type\":\"ListItem\",\"position\":2,\"name\":\"Support\",\"item\":\"https:\\\/\\\/brewbrain.nl\\\/support\\\/\"},{\"@type\":\"ListItem\",\"position\":3,\"name\":\"Float Pro Support\"}]},{\"@type\":\"WebSite\",\"@id\":\"https:\\\/\\\/brewbrain.nl\\\/#website\",\"url\":\"https:\\\/\\\/brewbrain.nl\\\/\",\"name\":\"Brewbrain\",\"description\":\"We put the brains in brewing\",\"publisher\":{\"@id\":\"https:\\\/\\\/brewbrain.nl\\\/#organization\"},\"potentialAction\":[{\"@type\":\"SearchAction\",\"target\":{\"@type\":\"EntryPoint\",\"urlTemplate\":\"https:\\\/\\\/brewbrain.nl\\\/?s={search_term_string}\"},\"query-input\":{\"@type\":\"PropertyValueSpecification\",\"valueRequired\":true,\"valueName\":\"search_term_string\"}}],\"inLanguage\":\"de\"},{\"@type\":\"Organization\",\"@id\":\"https:\\\/\\\/brewbrain.nl\\\/#organization\",\"name\":\"Brewbrain\",\"url\":\"https:\\\/\\\/brewbrain.nl\\\/\",\"logo\":{\"@type\":\"ImageObject\",\"inLanguage\":\"de\",\"@id\":\"https:\\\/\\\/brewbrain.nl\\\/#\\\/schema\\\/logo\\\/image\\\/\",\"url\":\"https:\\\/\\\/brewbrain.nl\\\/wp-content\\\/uploads\\\/2020\\\/10\\\/brewbrain-logo.svg\",\"contentUrl\":\"https:\\\/\\\/brewbrain.nl\\\/wp-content\\\/uploads\\\/2020\\\/10\\\/brewbrain-logo.svg\",\"width\":1164,\"height\":662,\"caption\":\"Brewbrain\"},\"image\":{\"@id\":\"https:\\\/\\\/brewbrain.nl\\\/#\\\/schema\\\/logo\\\/image\\\/\"},\"sameAs\":[\"https:\\\/\\\/www.facebook.com\\\/myBrewBrain\\\/\",\"https:\\\/\\\/www.instagram.com\\\/brewbrain\\\/?hl=en\",\"https:\\\/\\\/www.linkedin.com\\\/company\\\/brewbrain\\\/about\\\/\",\"https:\\\/\\\/www.youtube.com\\\/channel\\\/UC7qeCoo07lE2q9Pvw6gpb0A\\\/featured\"]}]}<\/script>\n<!-- \/ Yoast SEO plugin. -->","yoast_head_json":{"title":"Float Pro Unterst\u00fctzung - Brewbrain","description":"Welche Frage auch immer Sie haben, wir haben die Antwort.","robots":{"index":"index","follow":"follow","max-snippet":"max-snippet:-1","max-image-preview":"max-image-preview:large","max-video-preview":"max-video-preview:-1"},"canonical":"https:\/\/brewbrain.nl\/de\/support\/floatpro\/","og_locale":"de_DE","og_type":"article","og_title":"Float Pro Support - Brewbrain","og_description":"Whatever your question is, we\u2019ve got the answer.","og_url":"https:\/\/brewbrain.nl\/de\/support\/floatpro\/","og_site_name":"Brewbrain","article_publisher":"https:\/\/www.facebook.com\/myBrewBrain\/","article_modified_time":"2026-04-15T12:35:00+00:00","twitter_card":"summary_large_image","twitter_misc":{"Gesch\u00e4tzte Lesezeit":"3\u00a0Minuten"},"schema":{"@context":"https:\/\/schema.org","@graph":[{"@type":"WebPage","@id":"https:\/\/brewbrain.nl\/support\/floatpro\/","url":"https:\/\/brewbrain.nl\/support\/floatpro\/","name":"Float Pro Unterst\u00fctzung - Brewbrain","isPartOf":{"@id":"https:\/\/brewbrain.nl\/#website"},"datePublished":"2025-11-12T11:11:15+00:00","dateModified":"2026-04-15T12:35:00+00:00","description":"Welche Frage auch immer Sie haben, wir haben die Antwort.","breadcrumb":{"@id":"https:\/\/brewbrain.nl\/support\/floatpro\/#breadcrumb"},"inLanguage":"de","potentialAction":[{"@type":"ReadAction","target":["https:\/\/brewbrain.nl\/support\/floatpro\/"]}]},{"@type":"BreadcrumbList","@id":"https:\/\/brewbrain.nl\/support\/floatpro\/#breadcrumb","itemListElement":[{"@type":"ListItem","position":1,"name":"Home","item":"https:\/\/brewbrain.nl\/"},{"@type":"ListItem","position":2,"name":"Support","item":"https:\/\/brewbrain.nl\/support\/"},{"@type":"ListItem","position":3,"name":"Float Pro Support"}]},{"@type":"WebSite","@id":"https:\/\/brewbrain.nl\/#website","url":"https:\/\/brewbrain.nl\/","name":"Brewbrain","description":"Wir stecken Hirn ins Brauen","publisher":{"@id":"https:\/\/brewbrain.nl\/#organization"},"potentialAction":[{"@type":"SearchAction","target":{"@type":"EntryPoint","urlTemplate":"https:\/\/brewbrain.nl\/?s={search_term_string}"},"query-input":{"@type":"PropertyValueSpecification","valueRequired":true,"valueName":"search_term_string"}}],"inLanguage":"de"},{"@type":"Organization","@id":"https:\/\/brewbrain.nl\/#organization","name":"Brewbrain","url":"https:\/\/brewbrain.nl\/","logo":{"@type":"ImageObject","inLanguage":"de","@id":"https:\/\/brewbrain.nl\/#\/schema\/logo\/image\/","url":"https:\/\/brewbrain.nl\/wp-content\/uploads\/2020\/10\/brewbrain-logo.svg","contentUrl":"https:\/\/brewbrain.nl\/wp-content\/uploads\/2020\/10\/brewbrain-logo.svg","width":1164,"height":662,"caption":"Brewbrain"},"image":{"@id":"https:\/\/brewbrain.nl\/#\/schema\/logo\/image\/"},"sameAs":["https:\/\/www.facebook.com\/myBrewBrain\/","https:\/\/www.instagram.com\/brewbrain\/?hl=en","https:\/\/www.linkedin.com\/company\/brewbrain\/about\/","https:\/\/www.youtube.com\/channel\/UC7qeCoo07lE2q9Pvw6gpb0A\/featured"]}]}},"_links":{"self":[{"href":"https:\/\/brewbrain.nl\/de\/wp-json\/wp\/v2\/pages\/1389","targetHints":{"allow":["GET"]}}],"collection":[{"href":"https:\/\/brewbrain.nl\/de\/wp-json\/wp\/v2\/pages"}],"about":[{"href":"https:\/\/brewbrain.nl\/de\/wp-json\/wp\/v2\/types\/page"}],"author":[{"embeddable":true,"href":"https:\/\/brewbrain.nl\/de\/wp-json\/wp\/v2\/users\/8"}],"replies":[{"embeddable":true,"href":"https:\/\/brewbrain.nl\/de\/wp-json\/wp\/v2\/comments?post=1389"}],"version-history":[{"count":30,"href":"https:\/\/brewbrain.nl\/de\/wp-json\/wp\/v2\/pages\/1389\/revisions"}],"predecessor-version":[{"id":2191,"href":"https:\/\/brewbrain.nl\/de\/wp-json\/wp\/v2\/pages\/1389\/revisions\/2191"}],"up":[{"embeddable":true,"href":"https:\/\/brewbrain.nl\/de\/wp-json\/wp\/v2\/pages\/1783"}],"wp:attachment":[{"href":"https:\/\/brewbrain.nl\/de\/wp-json\/wp\/v2\/media?parent=1389"}],"curies":[{"name":"wp","href":"https:\/\/api.w.org\/{rel}","templated":true}]}}