{"id":1148,"date":"2025-09-19T08:54:03","date_gmt":"2025-09-19T08:54:03","guid":{"rendered":"https:\/\/brewbrain.nl\/?page_id=1148"},"modified":"2026-04-27T11:18:29","modified_gmt":"2026-04-27T11:18:29","slug":"float","status":"publish","type":"page","link":"https:\/\/brewbrain.nl\/de\/float\/","title":{"rendered":"Float"},"content":{"rendered":"<div class=\"wpb-content-wrapper\"><section class=\"vc_section bg-yellow top-section\"><div class=\"vc_row wpb_row vc_row-fluid vc_custom_1602785414036\"><div class=\"wpb_column vc_column_container vc_col-sm-6\"><div class=\"vc_column-inner vc_custom_1777286177639\"><div class=\"wpb_wrapper\">\n\t<div class=\"wpb_text_column wpb_content_element wpb_animate_when_almost_visible wpb_slideInLeft slideInLeft\" >\n\t\t<div class=\"wpb_wrapper\">\n\t\t\t<h1><strong>Float<\/strong> \u2013 wo alles begann<\/h1>\n\n\t\t<\/div>\n\t<\/div>\n\n\t<div class=\"wpb_text_column wpb_content_element wpb_animate_when_almost_visible wpb_slideInLeft slideInLeft\" >\n\t\t<div class=\"wpb_wrapper\">\n\t\t\t<h2>Unser erster kabelloser digitaler Spindel. Wird weiterhin unterst\u00fctzt. Abgel\u00f6st durch Float Pro.<\/h2>\n\n\t\t<\/div>\n\t<\/div>\n<\/div><\/div><\/div><div class=\"hidden-mobile hidden-tablet wpb_column vc_column_container vc_col-sm-6\"><div class=\"vc_column-inner vc_custom_1777286182114\"><div class=\"wpb_wrapper\"><\/div><\/div><\/div><\/div><\/section><section class=\"vc_section vc_custom_1601638669307\"><div class=\"vc_row wpb_row vc_row-fluid vc_custom_1612262670258\"><div class=\"wpb_column vc_column_container vc_col-sm-6\"><div class=\"vc_column-inner vc_custom_1777286347184\"><div class=\"wpb_wrapper\">\n\t<div class=\"wpb_text_column wpb_content_element wpb_animate_when_almost_visible wpb_slideInLeft slideInLeft\" >\n\t\t<div class=\"wpb_wrapper\">\n\t\t\t<p class=\"font-claude-response-body break-words whitespace-normal leading-&#091;1.7&#093;\">Float war unser erster kabelloser digitaler Spindel \u2013 und der Beweis, dass kontinuierliches G\u00e4rungsmonitoring in jede Brauerei geh\u00f6rt. Tausende von Hobbybrauern und Craft-Brauern in ganz Europa nutzen Float, um Dichte, Temperatur und G\u00e4rungsaktivit\u00e4t in Echtzeit zu verfolgen.<\/p>\n<p class=\"font-claude-response-body break-words whitespace-normal leading-&#091;1.7&#093;\">Alles, was wir von Float gelernt haben, haben wir in den neuen Float Pro eingebracht. Dieselbe einfache WLAN-Verbindung, weiterentwickelt mit Unterst\u00fctzung f\u00fcr Druckg\u00e4rung, kabelloses Laden und deutlich bessere Hardware.<\/p>\n\n\t\t<\/div>\n\t<\/div>\n\n\t<div class=\"wpb_text_column wpb_content_element\" >\n\t\t<div class=\"wpb_wrapper\">\n\t\t\t<p>Float wird nicht mehr produziert. Wir unterst\u00fctzen alle Float-Besitzer weiterhin vollst\u00e4ndig. <a href=\"https:\/\/brewbrain.nl\/de\/support\/float\/\" target=\"_blank\" rel=\"noopener\">Float Support<\/a>.\u2197<\/p>\n\n\t\t<\/div>\n\t<\/div>\n<\/div><\/div><\/div><div class=\"wpb_column vc_column_container vc_col-sm-6 vc_col-has-fill\"><div class=\"vc_column-inner vc_custom_1777287397420\"><div class=\"wpb_wrapper\"><\/div><\/div><\/div><\/div><\/section><section class=\"vc_section vc_custom_1601638669307\"><div class=\"vc_row wpb_row vc_row-fluid bg-grey mobile-reverse-order vc_custom_1612384041203\"><div class=\"wpb_column vc_column_container vc_col-sm-6 vc_col-has-fill\"><div class=\"vc_column-inner vc_custom_1777286541994\"><div class=\"wpb_wrapper\"><\/div><\/div><\/div><div class=\"padding-lg wpb_column vc_column_container vc_col-sm-6\"><div class=\"vc_column-inner\"><div class=\"wpb_wrapper\">\n\t<div class=\"wpb_text_column wpb_content_element wpb_animate_when_almost_visible wpb_slideInRight slideInRight\" >\n\t\t<div class=\"wpb_wrapper\">\n\t\t\t<h2 class=\"p1\">Was sich ge\u00e4ndert hat \u2013 und warum es wichtig ist<\/h2>\n\n\t\t<\/div>\n\t<\/div>\n\n\t<div class=\"wpb_text_column wpb_content_element wpb_animate_when_almost_visible wpb_slideInRight slideInRight\" >\n\t\t<div class=\"wpb_wrapper\">\n\t\t\t<p>Float Pro ist das Ergebnis von allem, was wir beim Entwickeln und Unterst\u00fctzen von Float gelernt haben. Hier siehst du, wie sie sich vergleichen.<\/p>\n\n\t\t<\/div>\n\t<\/div>\n\n\t<div class=\"wpb_raw_code wpb_raw_html wpb_content_element\" >\n\t\t<div class=\"wpb_wrapper\">\n\t\t\t<table style=\"width:100%; border-collapse:collapse; font-size:15px;\">\n  <thead>\n    <tr style=\"border-bottom:1px solid #ddd;\">\n      <th style=\"padding:11px 16px; text-align:left; font-weight:500; color:#888; font-size:13px;\"><\/th>\n      <th style=\"padding:11px 16px; text-align:center; font-weight:500; color:#888; font-size:13px;\">Float<\/th>\n      <th style=\"padding:11px 16px; text-align:center; font-weight:500; color:#888; font-size:13px;\">Float Pro<\/th>\n    <\/tr>\n  <\/thead>\n  <tbody>\n    <tr style=\"border-bottom:0.5px solid #eee;\">\n      <td style=\"padding:11px 16px;\">Druckbest\u00e4ndigkeit<\/td>\n      <td style=\"padding:11px 16px; text-align:center; color:#aaa;\">\u2014<\/td>\n      <td style=\"padding:11px 16px; text-align:center; color:#0F6E56; font-weight:500;\">Bis zu 2 bar<\/td>\n    <\/tr>\n    <tr style=\"border-bottom:0.5px solid #eee;\">\n      <td style=\"padding:11px 16px;\">Misst weiter ohne WLAN<\/td>\n      <td style=\"padding:11px 16px; text-align:center; color:#aaa;\">\u2014<\/td>\n      <td style=\"padding:11px 16px; text-align:center;\"><span style=\"font-size:12px; background:#E1F5EE; color:#0F6E56; padding:3px 8px; border-radius:4px;\">Demn\u00e4chst verf\u00fcgbar<\/span><\/td>\n    <\/tr>\n    <tr style=\"border-bottom:0.5px solid #eee;\">\n      <td style=\"padding:11px 16px;\">Aufladen<\/td>\n      <td style=\"padding:11px 16px; text-align:center; color:#aaa;\">Micro USB<\/td>\n      <td style=\"padding:11px 16px; text-align:center; color:#0F6E56; font-weight:500;\">USB-C + kabelloses Qi<\/td>\n    <\/tr>\n    <tr style=\"border-bottom:0.5px solid #eee;\">\n      <td style=\"padding:11px 16px;\">Status-LED<\/td>\n      <td style=\"padding:11px 16px; text-align:center; color:#aaa;\">Einfaches Blau<\/td>\n      <td style=\"padding:11px 16px; text-align:center; color:#0F6E56; font-weight:500;\">Mehrfarbig + individuelle Farbe pro Ger\u00e4t<\/td>\n    <\/tr>\n    <tr style=\"border-bottom:0.5px solid #eee;\">\n      <td style=\"padding:11px 16px;\">Batterie<\/td>\n      <td style=\"padding:11px 16px; text-align:center; color:#aaa;\">Integriert<\/td>\n      <td style=\"padding:11px 16px; text-align:center; color:#0F6E56; font-weight:500;\">Vom Benutzer austauschbar<\/td>\n    <\/tr>\n    <tr style=\"border-bottom:0.5px solid #eee;\">\n      <td style=\"padding:11px 16px;\">Leicht zu reinigen<\/td>\n      <td style=\"padding:11px 16px; text-align:center; color:#aaa;\">\u2014<\/td>\n      <td style=\"padding:11px 16px; text-align:center; color:#0F6E56; font-weight:500;\">\u2713<\/td>\n    <\/tr>\n    <tr style=\"border-bottom:0.5px solid #eee;\">\n      <td style=\"padding:11px 16px;\">Temperaturgenauigkeit<\/td>\n      <td style=\"padding:11px 16px; text-align:center; color:#aaa;\">\u00b10.5 \u00b0C<\/td>\n      <td style=\"padding:11px 16px; text-align:center; color:#0F6E56; font-weight:500;\">\u00b10.25 \u00b0C<\/td>\n    <\/tr>\n    <tr style=\"border-bottom:0.5px solid #eee;\">\n      <td style=\"padding:11px 16px;\">Verf\u00fcgbar<\/td>\n      <td style=\"padding:11px 16px; text-align:center; color:#aaa;\">Nein<\/td>\n      <td style=\"padding:11px 16px; text-align:center; color:#0F6E56; font-weight:500;\">Ja<\/td>\n    <\/tr>\n    <tr>\n      <td style=\"padding:11px 16px;\">Support<\/td>\n      <td style=\"padding:11px 16px; text-align:center;\">\u2713<\/td>\n      <td style=\"padding:11px 16px; text-align:center; color:#0F6E56; font-weight:500;\">\u2713<\/td>\n    <\/tr>\n  <\/tbody>\n<\/table>\n\t\t<\/div>\n\t<\/div>\n<\/div><\/div><\/div><\/div><\/section><section class=\"vc_section vc_custom_1601638669307\"><div class=\"vc_row wpb_row vc_row-fluid vc_custom_1612262670258\"><div class=\"wpb_column vc_column_container vc_col-sm-6\"><div class=\"vc_column-inner\"><div class=\"wpb_wrapper\">\n\t<div class=\"wpb_text_column wpb_content_element wpb_animate_when_almost_visible wpb_slideInLeft slideInLeft\" >\n\t\t<div class=\"wpb_wrapper\">\n\t\t\t<h2 class=\"text-text-100 mt-2 -mb-1 text-base font-bold\">Float Pro \u2013 aufgebaut auf dem, was Float uns gelehrt hat<\/h2>\n<p class=\"font-claude-response-body break-words whitespace-normal leading-&#091;1.7&#093;\">Die Grundidee ist dieselbe: einwerfen, alles tracken, deinen G\u00e4rbeh\u00e4lter nicht \u00f6ffnen. Float Pro geht dort weiter, wo es wirklich z\u00e4hlt.<\/p>\n<p class=\"font-claude-response-body break-words whitespace-normal leading-&#091;1.7&#093;\"><strong>Bereit f\u00fcr Druckg\u00e4rung<\/strong> G\u00e4re unter Druck, ohne deinen Spindel entfernen zu m\u00fcssen. Float Pro ist bis 2 bar gepr\u00fcft, bleibt also w\u00e4hrend der Druckg\u00e4rung und beim Kaltabk\u00fchlen drin.<\/p>\n<p class=\"font-claude-response-body break-words whitespace-normal leading-&#091;1.7&#093;\"><strong>Kabelloses Laden<\/strong> Kein Ladeanschluss in der Kappe bedeutet eine bessere Abdichtung und einfachere Reinigung. Qi-kompatibel, sodass jedes handels\u00fcbliche Drahtlos-Ladeger\u00e4t funktioniert. USB-C ist als Backup vorhanden.<\/p>\n<p class=\"font-claude-response-body break-words whitespace-normal leading-&#091;1.7&#093;\"><strong>Durchgehend bessere Hardware<\/strong> USB-C, mehrfarbige LED f\u00fcr den Status auf einen Blick, verbesserte Genauigkeit und eine Batterielaufzeit von 4 Monaten.<\/p>\n\n\t\t<\/div>\n\t<\/div>\n<div class=\"vc_btn3-container vc_btn3-inline vc_do_btn\" ><a class=\"vc_general vc_btn3 vc_btn3-size-md vc_btn3-shape-rounded vc_btn3-style-modern vc_btn3-color-primary\" href=\"https:\/\/brewbrain.nl\/de\/produkt\/float-pro\/\" title=\"Float Pro\" target=\"_blank\">Float Pro entdecken<\/a><\/div><\/div><\/div><\/div><div class=\"wpb_column vc_column_container vc_col-sm-6 vc_col-has-fill\"><div class=\"vc_column-inner vc_custom_1777286641848\"><div class=\"wpb_wrapper\"><\/div><\/div><\/div><\/div><\/section><section class=\"vc_section\"><div class=\"vc_row wpb_row vc_row-fluid\"><div class=\"wpb_column vc_column_container vc_col-sm-12\"><div class=\"vc_column-inner\"><div class=\"wpb_wrapper\">\n\t<div class=\"wpb_text_column wpb_content_element wpb_animate_when_almost_visible wpb_slideInLeft slideInLeft\" >\n\t\t<div class=\"wpb_wrapper\">\n\t\t\t<h2 class=\"text-text-100 mt-2 -mb-1 text-base font-bold\" style=\"text-align: center;\">Nutzt du noch deinen Float?<\/h2>\n<p class=\"font-claude-response-body break-words whitespace-normal leading-&#091;1.7&#093;\" style=\"text-align: center;\">Handb\u00fccher, Firmware, Kalibrierungsanleitungen und Fehlerbehebung sind alle auf der Float-Supportseite verf\u00fcgbar. Wir sind auch direkt erreichbar, wenn du Hilfe brauchst.<\/p>\n\n\t\t<\/div>\n\t<\/div>\n<div class=\"vc_row wpb_row vc_inner vc_row-fluid vc_custom_1777286877771\"><div class=\"wpb_column vc_column_container vc_col-sm-6\"><div class=\"vc_column-inner vc_custom_1777286898517\"><div class=\"wpb_wrapper\"><div class=\"vc_btn3-container vc_btn3-center vc_do_btn\" ><a class=\"vc_general vc_btn3 vc_btn3-size-md vc_btn3-shape-rounded vc_btn3-style-modern vc_btn3-color-primary\" href=\"https:\/\/brewbrain.nl\/de\/support\/float\/\" title=\"Float Support\" target=\"_blank\">Float Support<\/a><\/div><\/div><\/div><\/div><div class=\"wpb_column vc_column_container vc_col-sm-6\"><div class=\"vc_column-inner vc_custom_1777286903135\"><div class=\"wpb_wrapper\"><div class=\"vc_btn3-container vc_btn3-center vc_do_btn\" ><a class=\"vc_general vc_btn3 vc_btn3-size-md vc_btn3-shape-rounded vc_btn3-style-modern vc_btn3-color-black\" href=\"mailto:support@brewbrain.nl\" title=\"Kontaktiere uns\" target=\"_blank\">Kontaktiere uns<\/a><\/div><\/div><\/div><\/div><\/div><\/div><\/div><\/div><\/div><\/section>\n<\/div>","protected":false},"excerpt":{"rendered":"Float - where it all started Our first wireless digital hydrometer. Still supported. Succeeded by Float Pro. Float was our first wireless digital hydrometer; and proof that continuous fermentation monitoring belongs in every brewery. Thousands of homebrewers and craft brewers...","protected":false},"author":8,"featured_media":0,"parent":0,"menu_order":1,"comment_status":"closed","ping_status":"closed","template":"","meta":{"_acf_changed":false,"footnotes":""},"class_list":["post-1148","page","type-page","status-publish","hentry"],"acf":[],"yoast_head":"<!-- This site is optimized with the Yoast SEO plugin v27.5 - https:\/\/yoast.com\/product\/yoast-seo-wordpress\/ -->\n<title>Brewbrain Float \u2013 Wireless Hydrometer | Meet Float Pro<\/title>\n<meta name=\"description\" content=\"Brewbrain has been making wireless hydrometers since 2020. Float was our first; Float Pro is the upgrade. Float owners receive full support.\" \/>\n<meta name=\"robots\" content=\"index, follow, max-snippet:-1, max-image-preview:large, max-video-preview:-1\" \/>\n<link rel=\"canonical\" href=\"https:\/\/brewbrain.nl\/de\/float\/\" \/>\n<meta property=\"og:locale\" content=\"de_DE\" \/>\n<meta property=\"og:type\" content=\"article\" \/>\n<meta property=\"og:title\" content=\"Brewbrain Float \u2013 Wireless Hydrometer | Meet Float Pro\" \/>\n<meta property=\"og:description\" content=\"Brewbrain has been making wireless hydrometers since 2020. Float was our first; Float Pro is the upgrade. Float owners receive full support.\" \/>\n<meta property=\"og:url\" content=\"https:\/\/brewbrain.nl\/de\/float\/\" \/>\n<meta property=\"og:site_name\" content=\"Brewbrain\" \/>\n<meta property=\"article:publisher\" content=\"https:\/\/www.facebook.com\/myBrewBrain\/\" \/>\n<meta property=\"article:modified_time\" content=\"2026-04-27T11:18:29+00:00\" \/>\n<meta name=\"twitter:card\" content=\"summary_large_image\" \/>\n<meta name=\"twitter:label1\" content=\"Gesch\u00e4tzte Lesezeit\" \/>\n\t<meta name=\"twitter:data1\" content=\"2\u00a0Minuten\" \/>\n<script type=\"application\/ld+json\" class=\"yoast-schema-graph\">{\"@context\":\"https:\\\/\\\/schema.org\",\"@graph\":[{\"@type\":\"WebPage\",\"@id\":\"https:\\\/\\\/brewbrain.nl\\\/float\\\/\",\"url\":\"https:\\\/\\\/brewbrain.nl\\\/float\\\/\",\"name\":\"Brewbrain Float \u2013 Wireless Hydrometer | Meet Float Pro\",\"isPartOf\":{\"@id\":\"https:\\\/\\\/brewbrain.nl\\\/#website\"},\"datePublished\":\"2025-09-19T08:54:03+00:00\",\"dateModified\":\"2026-04-27T11:18:29+00:00\",\"description\":\"Brewbrain has been making wireless hydrometers since 2020. Float was our first; Float Pro is the upgrade. Float owners receive full support.\",\"breadcrumb\":{\"@id\":\"https:\\\/\\\/brewbrain.nl\\\/float\\\/#breadcrumb\"},\"inLanguage\":\"de\",\"potentialAction\":[{\"@type\":\"ReadAction\",\"target\":[\"https:\\\/\\\/brewbrain.nl\\\/float\\\/\"]}]},{\"@type\":\"BreadcrumbList\",\"@id\":\"https:\\\/\\\/brewbrain.nl\\\/float\\\/#breadcrumb\",\"itemListElement\":[{\"@type\":\"ListItem\",\"position\":1,\"name\":\"Home\",\"item\":\"https:\\\/\\\/brewbrain.nl\\\/\"},{\"@type\":\"ListItem\",\"position\":2,\"name\":\"Float\"}]},{\"@type\":\"WebSite\",\"@id\":\"https:\\\/\\\/brewbrain.nl\\\/#website\",\"url\":\"https:\\\/\\\/brewbrain.nl\\\/\",\"name\":\"Brewbrain\",\"description\":\"We put the brains in brewing\",\"publisher\":{\"@id\":\"https:\\\/\\\/brewbrain.nl\\\/#organization\"},\"potentialAction\":[{\"@type\":\"SearchAction\",\"target\":{\"@type\":\"EntryPoint\",\"urlTemplate\":\"https:\\\/\\\/brewbrain.nl\\\/?s={search_term_string}\"},\"query-input\":{\"@type\":\"PropertyValueSpecification\",\"valueRequired\":true,\"valueName\":\"search_term_string\"}}],\"inLanguage\":\"de\"},{\"@type\":\"Organization\",\"@id\":\"https:\\\/\\\/brewbrain.nl\\\/#organization\",\"name\":\"Brewbrain\",\"url\":\"https:\\\/\\\/brewbrain.nl\\\/\",\"logo\":{\"@type\":\"ImageObject\",\"inLanguage\":\"de\",\"@id\":\"https:\\\/\\\/brewbrain.nl\\\/#\\\/schema\\\/logo\\\/image\\\/\",\"url\":\"https:\\\/\\\/brewbrain.nl\\\/wp-content\\\/uploads\\\/2020\\\/10\\\/brewbrain-logo.svg\",\"contentUrl\":\"https:\\\/\\\/brewbrain.nl\\\/wp-content\\\/uploads\\\/2020\\\/10\\\/brewbrain-logo.svg\",\"width\":1164,\"height\":662,\"caption\":\"Brewbrain\"},\"image\":{\"@id\":\"https:\\\/\\\/brewbrain.nl\\\/#\\\/schema\\\/logo\\\/image\\\/\"},\"sameAs\":[\"https:\\\/\\\/www.facebook.com\\\/myBrewBrain\\\/\",\"https:\\\/\\\/www.instagram.com\\\/brewbrain\\\/?hl=en\",\"https:\\\/\\\/www.linkedin.com\\\/company\\\/brewbrain\\\/about\\\/\",\"https:\\\/\\\/www.youtube.com\\\/@Brewbrain-official\"]}]}<\/script>\n<!-- \/ Yoast SEO plugin. -->","yoast_head_json":{"title":"Brewbrain Float \u2013 Kabelloser Spindel | Jetzt Float Pro entdecken","description":"Brewbrain stellt seit 2020 kabellose Spindel her. Float war unser erster; Float Pro ist die Weiterentwicklung. Float-Besitzer erhalten vollen Support.","robots":{"index":"index","follow":"follow","max-snippet":"max-snippet:-1","max-image-preview":"max-image-preview:large","max-video-preview":"max-video-preview:-1"},"canonical":"https:\/\/brewbrain.nl\/de\/float\/","og_locale":"de_DE","og_type":"article","og_title":"Brewbrain Float \u2013 Wireless Hydrometer | Meet Float Pro","og_description":"Brewbrain has been making wireless hydrometers since 2020. Float was our first; Float Pro is the upgrade. Float owners receive full support.","og_url":"https:\/\/brewbrain.nl\/de\/float\/","og_site_name":"Brewbrain","article_publisher":"https:\/\/www.facebook.com\/myBrewBrain\/","article_modified_time":"2026-04-27T11:18:29+00:00","twitter_card":"summary_large_image","twitter_misc":{"Gesch\u00e4tzte Lesezeit":"2\u00a0Minuten"},"schema":{"@context":"https:\/\/schema.org","@graph":[{"@type":"WebPage","@id":"https:\/\/brewbrain.nl\/float\/","url":"https:\/\/brewbrain.nl\/float\/","name":"Brewbrain Float \u2013 Kabelloser Spindel | Jetzt Float Pro entdecken","isPartOf":{"@id":"https:\/\/brewbrain.nl\/#website"},"datePublished":"2025-09-19T08:54:03+00:00","dateModified":"2026-04-27T11:18:29+00:00","description":"Brewbrain stellt seit 2020 kabellose Spindel her. Float war unser erster; Float Pro ist die Weiterentwicklung. Float-Besitzer erhalten vollen Support.","breadcrumb":{"@id":"https:\/\/brewbrain.nl\/float\/#breadcrumb"},"inLanguage":"de","potentialAction":[{"@type":"ReadAction","target":["https:\/\/brewbrain.nl\/float\/"]}]},{"@type":"BreadcrumbList","@id":"https:\/\/brewbrain.nl\/float\/#breadcrumb","itemListElement":[{"@type":"ListItem","position":1,"name":"Home","item":"https:\/\/brewbrain.nl\/"},{"@type":"ListItem","position":2,"name":"Float"}]},{"@type":"WebSite","@id":"https:\/\/brewbrain.nl\/#website","url":"https:\/\/brewbrain.nl\/","name":"Brewbrain","description":"We put the brains in brewing","publisher":{"@id":"https:\/\/brewbrain.nl\/#organization"},"potentialAction":[{"@type":"SearchAction","target":{"@type":"EntryPoint","urlTemplate":"https:\/\/brewbrain.nl\/?s={search_term_string}"},"query-input":{"@type":"PropertyValueSpecification","valueRequired":true,"valueName":"search_term_string"}}],"inLanguage":"de"},{"@type":"Organization","@id":"https:\/\/brewbrain.nl\/#organization","name":"Brewbrain","url":"https:\/\/brewbrain.nl\/","logo":{"@type":"ImageObject","inLanguage":"de","@id":"https:\/\/brewbrain.nl\/#\/schema\/logo\/image\/","url":"https:\/\/brewbrain.nl\/wp-content\/uploads\/2020\/10\/brewbrain-logo.svg","contentUrl":"https:\/\/brewbrain.nl\/wp-content\/uploads\/2020\/10\/brewbrain-logo.svg","width":1164,"height":662,"caption":"Brewbrain"},"image":{"@id":"https:\/\/brewbrain.nl\/#\/schema\/logo\/image\/"},"sameAs":["https:\/\/www.facebook.com\/myBrewBrain\/","https:\/\/www.instagram.com\/brewbrain\/?hl=en","https:\/\/www.linkedin.com\/company\/brewbrain\/about\/","https:\/\/www.youtube.com\/@Brewbrain-official"]}]}},"_links":{"self":[{"href":"https:\/\/brewbrain.nl\/de\/wp-json\/wp\/v2\/pages\/1148","targetHints":{"allow":["GET"]}}],"collection":[{"href":"https:\/\/brewbrain.nl\/de\/wp-json\/wp\/v2\/pages"}],"about":[{"href":"https:\/\/brewbrain.nl\/de\/wp-json\/wp\/v2\/types\/page"}],"author":[{"embeddable":true,"href":"https:\/\/brewbrain.nl\/de\/wp-json\/wp\/v2\/users\/8"}],"replies":[{"embeddable":true,"href":"https:\/\/brewbrain.nl\/de\/wp-json\/wp\/v2\/comments?post=1148"}],"version-history":[{"count":6,"href":"https:\/\/brewbrain.nl\/de\/wp-json\/wp\/v2\/pages\/1148\/revisions"}],"predecessor-version":[{"id":2303,"href":"https:\/\/brewbrain.nl\/de\/wp-json\/wp\/v2\/pages\/1148\/revisions\/2303"}],"wp:attachment":[{"href":"https:\/\/brewbrain.nl\/de\/wp-json\/wp\/v2\/media?parent=1148"}],"curies":[{"name":"wp","href":"https:\/\/api.w.org\/{rel}","templated":true}]}}